{"id":3218,"date":"2025-01-06T17:21:48","date_gmt":"2025-01-06T10:21:48","guid":{"rendered":"https:\/\/gotadi.hmarketing.vn\/?post_type=product&#038;p=3218"},"modified":"2026-04-22T00:08:43","modified_gmt":"2026-04-21T17:08:43","slug":"tour-ta-nung-buon-me-thuoc","status":"publish","type":"product","link":"https:\/\/www.gotadi.com\/services\/tour-ta-nung-buon-me-thuoc\/","title":{"rendered":"Tour T\u00e0 Nung &#8211; Bu\u00f4n M\u00ea Thu\u00f4c"},"content":{"rendered":"<h2 id=\"thong-tin-noi-bat\">Th\u00f4ng tin n\u1ed5i b\u1eadt<\/h2>\n<p>M\u1edf c\u1eeda t\u1eeb 15:00 \u0111\u1ebfn 22:00 h\u00e0ng ng\u00e0y (tr\u1eeb th\u1ee9 3).<\/p>\n<p>\u0110\u1ea3o K\u00fd \u1ee8c H\u1ed9i An s\u1edf h\u1eefu v\u00f4 v\u00e0n nh\u1eefng g\u00f3c s\u1ed1ng \u1ea3o \u0111\u1eaft gi\u00e1, s\u1eb5n s\u00e0ng gi\u00fap b\u1ea1n c\u00f9ng ng\u01b0\u1eddi th\u01b0\u01a1ng &#8220;b\u1ecf t\u00fai&#8221; h\u00e0ng tr\u0103m shoot h\u00ecnh c\u1ef1c ch\u1ea5t, d\u00f9 ch\u1ec9 c\u1ea7n ng\u1ed3i chanh s\u1ea3 \u201cth\u1ea3 d\u00e1ng\u201d th\u00f4i!<\/p>\n<p>Checkin m\u1ecfi tay v\u1edbi D\u00e3y nh\u00e0 shophouse v\u1edbi nh\u1eefng h\u00ecnh v\u1ebd \u0111\u1eadm ch\u1ea5t ngh\u1ec7 thu\u1eadt<\/p>\n<p><a href=\"https:\/\/www.gotadi.com\/services\/wp-content\/uploads\/2025\/01\/image-547-1.png\"><img loading=\"lazy\" decoding=\"async\" class=\"aligncenter wp-image-3563 size-full\" src=\"https:\/\/www.gotadi.com\/services\/wp-content\/uploads\/2025\/01\/image-547-1.png\" alt=\"\" width=\"728\" height=\"167\" srcset=\"https:\/\/www.gotadi.com\/services\/wp-content\/uploads\/2025\/01\/image-547-1.png 728w, https:\/\/www.gotadi.com\/services\/wp-content\/uploads\/2025\/01\/image-547-1-300x69.png 300w, https:\/\/www.gotadi.com\/services\/wp-content\/uploads\/2025\/01\/image-547-1-600x138.png 600w\" sizes=\"auto, (max-width: 728px) 100vw, 728px\" \/><\/a><\/p>\n<p>&nbsp;<\/p>\n<h2 id=\"chi-tiet-dich-vu\">Chi ti\u1ebft d\u1ecbch v\u1ee5<\/h2>\n<p>C\u00f4ng vi\u00ean V\u0103n H\u00f3a ch\u1ee7 \u0111\u1ec1 \u1ea4n t\u01b0\u1ee3ng H\u1ed9i An l\u00e0 c\u00f4ng vi\u00ean V\u0103n h\u00f3a ch\u1ee7 \u0111\u1ec1 \u0111\u1ea7u ti\u00ean t\u1ea1i Vi\u1ec7t Nam. C\u00f4ng vi\u00ean \u1ea4n t\u01b0\u1ee3ng H\u1ed9i An \u0111\u01b0a du kh\u00e1ch v\u00e0o chuy\u1ebfn tr\u1ea3i nghi\u1ec7m v\u01b0\u1ee3t th\u1eddi gian, tr\u1edf l\u1ea1i th\u01b0\u01a1ng c\u1ea3ng Faifo n\u1ed5i ti\u1ebfng c\u1ee7a th\u1ebf k\u1ef7 16 \u2013 17 v\u1edbi nh\u1eefng ho\u1ea1t \u0111\u1ed9ng ngh\u1ec7 thu\u1eadt \u1ea9m th\u1ef1c m\u00e0u s\u1eafc gi\u1eefa kh\u00f4ng gian ki\u1ebfn tr\u00fac \u0111\u1ed9c \u0111\u00e1o v\u00e0 nh\u1eefng t\u00edch chuy\u1ec7n x\u01b0a \u0111\u01b0\u1ee3c k\u1ec3 l\u1ea1i b\u1eb1ng ngh\u1ec7 thu\u1eadt s\u00e2n kh\u1ea5u h\u1ea5p d\u1eabn.<\/p>\n<h2 id=\"thong-tin-noi-bat\">Th\u00f4ng tin n\u1ed5i b\u1eadt<\/h2>\n<p>M\u1edf c\u1eeda t\u1eeb 15:00 \u0111\u1ebfn 22:00 h\u00e0ng ng\u00e0y (tr\u1eeb th\u1ee9 3).<\/p>\n<p>\u0110\u1ea3o K\u00fd \u1ee8c H\u1ed9i An s\u1edf h\u1eefu v\u00f4 v\u00e0n nh\u1eefng g\u00f3c s\u1ed1ng \u1ea3o \u0111\u1eaft gi\u00e1, s\u1eb5n s\u00e0ng gi\u00fap b\u1ea1n c\u00f9ng ng\u01b0\u1eddi th\u01b0\u01a1ng &#8220;b\u1ecf t\u00fai&#8221; h\u00e0ng tr\u0103m shoot h\u00ecnh c\u1ef1c ch\u1ea5t, d\u00f9 ch\u1ec9 c\u1ea7n ng\u1ed3i chanh s\u1ea3 \u201cth\u1ea3 d\u00e1ng\u201d th\u00f4i!<\/p>\n<p>Checkin m\u1ecfi tay v\u1edbi D\u00e3y nh\u00e0 shophouse v\u1edbi nh\u1eefng h\u00ecnh v\u1ebd \u0111\u1eadm ch\u1ea5t ngh\u1ec7 thu\u1eadt<\/p>\n<p><a href=\"https:\/\/www.gotadi.com\/services\/wp-content\/uploads\/2025\/01\/image-547-1.png\"><img loading=\"lazy\" decoding=\"async\" class=\"aligncenter wp-image-3563 size-full\" src=\"https:\/\/www.gotadi.com\/services\/wp-content\/uploads\/2025\/01\/image-547-1.png\" alt=\"\" width=\"728\" height=\"167\" srcset=\"https:\/\/www.gotadi.com\/services\/wp-content\/uploads\/2025\/01\/image-547-1.png 728w, https:\/\/www.gotadi.com\/services\/wp-content\/uploads\/2025\/01\/image-547-1-300x69.png 300w, https:\/\/www.gotadi.com\/services\/wp-content\/uploads\/2025\/01\/image-547-1-600x138.png 600w\" sizes=\"auto, (max-width: 728px) 100vw, 728px\" \/><\/a><\/p>\n<p>&nbsp;<\/p>\n<h2 id=\"chi-tiet-dich-vu\">Chi ti\u1ebft d\u1ecbch v\u1ee5<\/h2>\n<p>C\u00f4ng vi\u00ean V\u0103n H\u00f3a ch\u1ee7 \u0111\u1ec1 \u1ea4n t\u01b0\u1ee3ng H\u1ed9i An l\u00e0 c\u00f4ng vi\u00ean V\u0103n h\u00f3a ch\u1ee7 \u0111\u1ec1 \u0111\u1ea7u ti\u00ean t\u1ea1i Vi\u1ec7t Nam. C\u00f4ng vi\u00ean \u1ea4n t\u01b0\u1ee3ng H\u1ed9i An \u0111\u01b0a du kh\u00e1ch v\u00e0o chuy\u1ebfn tr\u1ea3i nghi\u1ec7m v\u01b0\u1ee3t th\u1eddi gian, tr\u1edf l\u1ea1i th\u01b0\u01a1ng c\u1ea3ng Faifo n\u1ed5i ti\u1ebfng c\u1ee7a th\u1ebf k\u1ef7 16 \u2013 17 v\u1edbi nh\u1eefng ho\u1ea1t \u0111\u1ed9ng ngh\u1ec7 thu\u1eadt \u1ea9m th\u1ef1c m\u00e0u s\u1eafc gi\u1eefa kh\u00f4ng gian ki\u1ebfn tr\u00fac \u0111\u1ed9c \u0111\u00e1o v\u00e0 nh\u1eefng t\u00edch chuy\u1ec7n x\u01b0a \u0111\u01b0\u1ee3c k\u1ec3 l\u1ea1i b\u1eb1ng ngh\u1ec7 thu\u1eadt s\u00e2n kh\u1ea5u h\u1ea5p d\u1eabn.<\/p>\n<h2 id=\"thong-tin-noi-bat\">Th\u00f4ng tin n\u1ed5i b\u1eadt<\/h2>\n<p>M\u1edf c\u1eeda t\u1eeb 15:00 \u0111\u1ebfn 22:00 h\u00e0ng ng\u00e0y (tr\u1eeb th\u1ee9 3).<\/p>\n<p>\u0110\u1ea3o K\u00fd \u1ee8c H\u1ed9i An s\u1edf h\u1eefu v\u00f4 v\u00e0n nh\u1eefng g\u00f3c s\u1ed1ng \u1ea3o \u0111\u1eaft gi\u00e1, s\u1eb5n s\u00e0ng gi\u00fap b\u1ea1n c\u00f9ng ng\u01b0\u1eddi th\u01b0\u01a1ng &#8220;b\u1ecf t\u00fai&#8221; h\u00e0ng tr\u0103m shoot h\u00ecnh c\u1ef1c ch\u1ea5t, d\u00f9 ch\u1ec9 c\u1ea7n ng\u1ed3i chanh s\u1ea3 \u201cth\u1ea3 d\u00e1ng\u201d th\u00f4i!<\/p>\n<p>Checkin m\u1ecfi tay v\u1edbi D\u00e3y nh\u00e0 shophouse v\u1edbi nh\u1eefng h\u00ecnh v\u1ebd \u0111\u1eadm ch\u1ea5t ngh\u1ec7 thu\u1eadt<\/p>\n<p><a href=\"https:\/\/www.gotadi.com\/services\/wp-content\/uploads\/2025\/01\/image-547-1.png\"><img loading=\"lazy\" decoding=\"async\" class=\"aligncenter wp-image-3563 size-full\" src=\"https:\/\/www.gotadi.com\/services\/wp-content\/uploads\/2025\/01\/image-547-1.png\" alt=\"\" width=\"728\" height=\"167\" srcset=\"https:\/\/www.gotadi.com\/services\/wp-content\/uploads\/2025\/01\/image-547-1.png 728w, https:\/\/www.gotadi.com\/services\/wp-content\/uploads\/2025\/01\/image-547-1-300x69.png 300w, https:\/\/www.gotadi.com\/services\/wp-content\/uploads\/2025\/01\/image-547-1-600x138.png 600w\" sizes=\"auto, (max-width: 728px) 100vw, 728px\" \/><\/a><\/p>\n<p>&nbsp;<\/p>\n<h2 id=\"chi-tiet-dich-vu\">Chi ti\u1ebft d\u1ecbch v\u1ee5<\/h2>\n<p>C\u00f4ng vi\u00ean V\u0103n H\u00f3a ch\u1ee7 \u0111\u1ec1 \u1ea4n t\u01b0\u1ee3ng H\u1ed9i An l\u00e0 c\u00f4ng vi\u00ean V\u0103n h\u00f3a ch\u1ee7 \u0111\u1ec1 \u0111\u1ea7u ti\u00ean t\u1ea1i Vi\u1ec7t Nam. C\u00f4ng vi\u00ean \u1ea4n t\u01b0\u1ee3ng H\u1ed9i An \u0111\u01b0a du kh\u00e1ch v\u00e0o chuy\u1ebfn tr\u1ea3i nghi\u1ec7m v\u01b0\u1ee3t th\u1eddi gian, tr\u1edf l\u1ea1i th\u01b0\u01a1ng c\u1ea3ng Faifo n\u1ed5i ti\u1ebfng c\u1ee7a th\u1ebf k\u1ef7 16 \u2013 17 v\u1edbi nh\u1eefng ho\u1ea1t \u0111\u1ed9ng ngh\u1ec7 thu\u1eadt \u1ea9m th\u1ef1c m\u00e0u s\u1eafc gi\u1eefa kh\u00f4ng gian ki\u1ebfn tr\u00fac \u0111\u1ed9c \u0111\u00e1o v\u00e0 nh\u1eefng t\u00edch chuy\u1ec7n x\u01b0a \u0111\u01b0\u1ee3c k\u1ec3 l\u1ea1i b\u1eb1ng ngh\u1ec7 thu\u1eadt s\u00e2n kh\u1ea5u h\u1ea5p d\u1eabn.<\/p>\n<h2 id=\"thong-tin-noi-bat\">Th\u00f4ng tin n\u1ed5i b\u1eadt<\/h2>\n<p>M\u1edf c\u1eeda t\u1eeb 15:00 \u0111\u1ebfn 22:00 h\u00e0ng ng\u00e0y (tr\u1eeb th\u1ee9 3).<\/p>\n<p>\u0110\u1ea3o K\u00fd \u1ee8c H\u1ed9i An s\u1edf h\u1eefu v\u00f4 v\u00e0n nh\u1eefng g\u00f3c s\u1ed1ng \u1ea3o \u0111\u1eaft gi\u00e1, s\u1eb5n s\u00e0ng gi\u00fap b\u1ea1n c\u00f9ng ng\u01b0\u1eddi th\u01b0\u01a1ng &#8220;b\u1ecf t\u00fai&#8221; h\u00e0ng tr\u0103m shoot h\u00ecnh c\u1ef1c ch\u1ea5t, d\u00f9 ch\u1ec9 c\u1ea7n ng\u1ed3i chanh s\u1ea3 \u201cth\u1ea3 d\u00e1ng\u201d th\u00f4i!<\/p>\n<p>Checkin m\u1ecfi tay v\u1edbi D\u00e3y nh\u00e0 shophouse v\u1edbi nh\u1eefng h\u00ecnh v\u1ebd \u0111\u1eadm ch\u1ea5t ngh\u1ec7 thu\u1eadt<\/p>\n<p><a href=\"https:\/\/www.gotadi.com\/services\/wp-content\/uploads\/2025\/01\/image-547-1.png\"><img loading=\"lazy\" decoding=\"async\" class=\"aligncenter wp-image-3563 size-full\" src=\"https:\/\/www.gotadi.com\/services\/wp-content\/uploads\/2025\/01\/image-547-1.png\" alt=\"\" width=\"728\" height=\"167\" srcset=\"https:\/\/www.gotadi.com\/services\/wp-content\/uploads\/2025\/01\/image-547-1.png 728w, https:\/\/www.gotadi.com\/services\/wp-content\/uploads\/2025\/01\/image-547-1-300x69.png 300w, https:\/\/www.gotadi.com\/services\/wp-content\/uploads\/2025\/01\/image-547-1-600x138.png 600w\" sizes=\"auto, (max-width: 728px) 100vw, 728px\" \/><\/a><\/p>\n<p>&nbsp;<\/p>\n<h2 id=\"chi-tiet-dich-vu\">Chi ti\u1ebft d\u1ecbch v\u1ee5<\/h2>\n<p>C\u00f4ng vi\u00ean V\u0103n H\u00f3a ch\u1ee7 \u0111\u1ec1 \u1ea4n t\u01b0\u1ee3ng H\u1ed9i An l\u00e0 c\u00f4ng vi\u00ean V\u0103n h\u00f3a ch\u1ee7 \u0111\u1ec1 \u0111\u1ea7u ti\u00ean t\u1ea1i Vi\u1ec7t Nam. C\u00f4ng vi\u00ean \u1ea4n t\u01b0\u1ee3ng H\u1ed9i An \u0111\u01b0a du kh\u00e1ch v\u00e0o chuy\u1ebfn tr\u1ea3i nghi\u1ec7m v\u01b0\u1ee3t th\u1eddi gian, tr\u1edf l\u1ea1i th\u01b0\u01a1ng c\u1ea3ng Faifo n\u1ed5i ti\u1ebfng c\u1ee7a th\u1ebf k\u1ef7 16 \u2013 17 v\u1edbi nh\u1eefng ho\u1ea1t \u0111\u1ed9ng ngh\u1ec7 thu\u1eadt \u1ea9m th\u1ef1c m\u00e0u s\u1eafc gi\u1eefa kh\u00f4ng gian ki\u1ebfn tr\u00fac \u0111\u1ed9c \u0111\u00e1o v\u00e0 nh\u1eefng t\u00edch chuy\u1ec7n x\u01b0a \u0111\u01b0\u1ee3c k\u1ec3 l\u1ea1i b\u1eb1ng ngh\u1ec7 thu\u1eadt s\u00e2n kh\u1ea5u h\u1ea5p d\u1eabn.<\/p>\n","protected":false},"excerpt":{"rendered":"<p>Th\u00f4ng tin n\u1ed5i b\u1eadt M\u1edf c\u1eeda t\u1eeb 15:00 \u0111\u1ebfn 22:00 h\u00e0ng ng\u00e0y (tr\u1eeb th\u1ee9 3). \u0110\u1ea3o K\u00fd \u1ee8c H\u1ed9i An s\u1edf h\u1eefu v\u00f4 v\u00e0n nh\u1eefng g\u00f3c s\u1ed1ng \u1ea3o \u0111\u1eaft gi\u00e1, s\u1eb5n s\u00e0ng gi\u00fap b\u1ea1n c\u00f9ng ng\u01b0\u1eddi th\u01b0\u01a1ng &#8220;b\u1ecf t\u00fai&#8221; h\u00e0ng tr\u0103m shoot h\u00ecnh c\u1ef1c ch\u1ea5t, d\u00f9 ch\u1ec9 c\u1ea7n ng\u1ed3i chanh s\u1ea3 \u201cth\u1ea3 d\u00e1ng\u201d th\u00f4i! Checkin&#8230;<\/p>\n","protected":false},"featured_media":3220,"comment_status":"open","ping_status":"closed","template":"","meta":{"_acf_changed":false},"product_cat":[15],"product_tag":[],"class_list":{"0":"post-3218","1":"product","2":"type-product","3":"status-publish","4":"has-post-thumbnail","6":"product_cat-tat-ca-tour","8":"first","9":"instock","10":"shipping-taxable","11":"purchasable","12":"product-type-simple"},"acf":[],"_links":{"self":[{"href":"https:\/\/www.gotadi.com\/services\/wp-json\/wp\/v2\/product\/3218","targetHints":{"allow":["GET"]}}],"collection":[{"href":"https:\/\/www.gotadi.com\/services\/wp-json\/wp\/v2\/product"}],"about":[{"href":"https:\/\/www.gotadi.com\/services\/wp-json\/wp\/v2\/types\/product"}],"replies":[{"embeddable":true,"href":"https:\/\/www.gotadi.com\/services\/wp-json\/wp\/v2\/comments?post=3218"}],"wp:featuredmedia":[{"embeddable":true,"href":"https:\/\/www.gotadi.com\/services\/wp-json\/wp\/v2\/media\/3220"}],"wp:attachment":[{"href":"https:\/\/www.gotadi.com\/services\/wp-json\/wp\/v2\/media?parent=3218"}],"wp:term":[{"taxonomy":"product_cat","embeddable":true,"href":"https:\/\/www.gotadi.com\/services\/wp-json\/wp\/v2\/product_cat?post=3218"},{"taxonomy":"product_tag","embeddable":true,"href":"https:\/\/www.gotadi.com\/services\/wp-json\/wp\/v2\/product_tag?post=3218"}],"curies":[{"name":"wp","href":"https:\/\/api.w.org\/{rel}","templated":true}]}}