{"id":4408,"date":"2025-02-07T17:11:27","date_gmt":"2025-02-07T10:11:27","guid":{"rendered":"https:\/\/www.gotadi.com\/services\/?post_type=product&#038;p=4408"},"modified":"2026-04-22T01:20:08","modified_gmt":"2026-04-21T18:20:08","slug":"phan-thiet-2n1d-team-building-gala-dinner","status":"publish","type":"product","link":"https:\/\/www.gotadi.com\/services\/phan-thiet-2n1d-team-building-gala-dinner\/","title":{"rendered":"PHAN THI\u1ebeT 2N1\u0110 &#8211; TEAM BUILDING &#8211; GALA DINNER"},"content":{"rendered":"<h2 id=\"ngay-01-tp-hcm-teambuiding-gala-dinner-an-sang-an-trua-an-toi\"><span data-text-color=\"success\"><strong>NG\u00c0Y 01: TP.HCM \u2013 TEAMBUIDING \u2013 GALA DINNER (\u0102n s\u00e1ng, \u0103n tr\u01b0a, \u0103n t\u1ed1i)<\/strong><\/span><\/h2>\n<p><strong>06h00:<\/strong> Xe v\u00e0 HDV Gotadi \u0111\u00f3n \u0111o\u00e0n t\u1ea1i \u0111i\u1ec3m h\u1eb9n, kh\u1edfi h\u00e0nh \u0111i Phan Thi\u1ebft. \u0110o\u00e0n d\u00f9ng \u0111i\u1ec3m t\u00e2m s\u00e1ng t\u1ea1i KDL M\u00ea Kong Long Th\u00e0nh.Ti\u1ebfp t\u1ee5c h\u00e0nh tr\u00ecnh \u0111i Phan Thi\u1ebft v\u1edbi c\u00e1c tr\u00f2 ch\u01a1i vui nh\u1ed9n c\u00f3 th\u01b0\u1edfng tr\u00ean xe.<\/p>\n<p><strong>10h00:<\/strong>\u00a0\u0110o\u00e0n tham quan<\/p>\n<ul>\n<li><strong>Bikini Beach Novaland<\/strong>: N\u1eb1m trong d\u1ef1 \u00e1n si\u00eau th\u00e0nh ph\u1ed1 Novaworld Phan Thi\u1ebft, Bikini Beach t\u1ecda l\u1ea1c tr\u00ean m\u1ed9t b\u00e3i bi\u1ec3n d\u00e0i kho\u1ea3ng 7km, \u0111\u00f3ng vai tr\u00f2 l\u00e0 trung t\u00e2m cho to\u00e0n b\u1ed9 khu ph\u1ee9c h\u1ee3p. T\u1edbi \u0111\u00e2y, du kh\u00e1ch c\u00f3 th\u1ec3 tho\u1ea3i m\u00e1i ch\u1ee5p h\u00ecnh s\u1ed1ng \u1ea3o v\u1edbi nh\u1eefng iconic nh\u01b0 bi\u1ec3u t\u01b0\u1ee3ng kh\u1ed5ng l\u1ed3, c\u00e1nh c\u1eeda \u0111\u1ecf k\u1ebft h\u1ee3p c\u00f9ng c\u00e1c \u0111\u1ecba \u0111i\u1ec3m \u0111\u1ea7y h\u1ea5p d\u1eabn nh\u01b0 c\u1ed5ng C\u1ea7u V\u1ed3ng, nh\u00e0 G\u1ed7 hay khung \u1ea3nh c\u00f3 logo Novaworld Phan Thi\u1ebft, xe kem \u0111\u1eb7c tr\u01b0ng c\u1ee7a n\u01b0\u1edbc M\u1ef9. B\u00ean c\u1ea1nh \u0111\u00f3, chu\u1ed7i nh\u00e0 h\u00e0ng v\u00e0 c\u00e1c ti\u1ec7n \u00edch xung quanh s\u1eb5n s\u00e0ng \u0111\u00e1p \u1ee9ng nhu c\u1ea7u c\u1ee7a du kh\u00e1ch.<\/li>\n<li><strong>Circus Land:\u00a0<\/strong>Khu vui ch\u01a1i gi\u1ea3i tr\u00ed \u0111\u1ed3 s\u1ed9 mang phong M\u1ef9 \u0111\u1ea7y h\u1ea5p d\u1eabn v\u1edbi nhi\u1ec1u tr\u00f2 ch\u01a1i c\u1ea3m gi\u00e1c m\u1ea1nh. Du kh\u00e1ch \u0111\u1ebfn tham quan &#8220;G\u00e1nh Xi\u1ebfc kh\u1ed5ng l\u1ed3&#8221; n\u00e0y tha h\u1ed3 bay b\u1ed5ng h\u00f2a m\u00ecnh v\u00e0o tr\u00f2 ch\u01a1i nh\u1eb9 nh\u00e0ng nh\u01b0 gi\u1ea5c m\u01a1 b\u1ed3ng b\u1ec1nh, v\u00f2ng quay h\u1ea1nh ph\u00fac, &#8220;thu\u1ea7n ph\u1ee5c B\u1ea1ch Tu\u1ed9c&#8221; trong tr\u00f2 ch\u01a1i chinh ph\u1ee5c th\u1ee7y qu\u00e1i hay t\u0103ng t\u00ednh m\u1ea1o hi\u1ec3m trong tr\u00f2 ch\u01a1i Let&#8217;s Fly, C\u00e1nh qu\u1ea1t quy\u1ec1n n\u0103ng, Chuy\u1ebfn t\u00e0u xuy\u00ean kh\u00f4ng,&#8230;<\/li>\n<\/ul>\n<p><strong>11h00:<\/strong> \u0110\u1ebfn M\u0169i n\u00e9, \u0111o\u00e0n d\u00f9ng c\u01a1m tr\u01b0a t\u1ea1i nh\u00e0 h\u00e0ng \u0111\u1ecba ph\u01b0\u01a1ng Sau \u0111\u00f3 Xe \u0111\u01b0a Qu\u00fd kh\u00e1ch v\u1ec1 resort l\u00e0m th\u1ee7 t\u1ee5c nh\u1eadn ph\u00f2ng, ngh\u1ec9 ng\u01a1i t\u1ef1 do.<\/p>\n<p><strong>15h30:<\/strong> Qu\u00fd kh\u00e1ch tham gia ch\u01b0\u01a1ng tr\u00ecnh <strong>TEAM BUILDING<\/strong> c\u00f9ng Ho\u1ea1t N\u00e1o Vi\u00ean DU L\u1ecaCH GOTADI, v\u1edbi nh\u1eefng tr\u00f2 ch\u01a1i vui nh\u1ed9n, mang tinh th\u1ea7n \u0111\u1ed3ng \u0111\u1ed9i, \u0111o\u00e0n k\u1ebft.<\/p>\n<p><a href=\"https:\/\/www.gotadi.com\/services\/wp-content\/uploads\/2025\/02\/team-1.jpg\"><img loading=\"lazy\" decoding=\"async\" class=\"alignnone wp-image-4622\" src=\"https:\/\/www.gotadi.com\/services\/wp-content\/uploads\/2025\/02\/team-1-300x200.jpg\" alt=\"\" width=\"800\" height=\"534\" srcset=\"https:\/\/www.gotadi.com\/services\/wp-content\/uploads\/2025\/02\/team-1-300x200.jpg 300w, https:\/\/www.gotadi.com\/services\/wp-content\/uploads\/2025\/02\/team-1-768x512.jpg 768w, https:\/\/www.gotadi.com\/services\/wp-content\/uploads\/2025\/02\/team-1-600x400.jpg 600w, https:\/\/www.gotadi.com\/services\/wp-content\/uploads\/2025\/02\/team-1.jpg 1024w\" sizes=\"auto, (max-width: 800px) 100vw, 800px\" \/><\/a><\/p>\n<p><strong>M\u1ee4C \u0110\u00cdCH C\u1ee6A CH\u01af\u01a0NG TR\u00ccNH: <\/strong><\/p>\n<ul>\n<li>Ph\u00e1 v\u1ee1 b\u1ee9c t\u01b0\u1eddng ng\u0103n c\u00e1ch gi\u1eefa c\u00e1c th\u00e0nh vi\u00ean trong c\u00f4ng ty.<\/li>\n<li>T\u1ea1o ra ni\u1ec1m t\u1ef1 h\u00e0o khi \u0111\u01b0\u1ee3c l\u00e0m vi\u1ec7c t\u1ea1i c\u00f4ng ty.<\/li>\n<li>Kh\u1eb3ng \u0111\u1ecbnh t\u1ea7m quan tr\u1ecdng c\u1ee7a l\u00e0m vi\u1ec7c nh\u00f3m\/teamwork.<\/li>\n<li>X\u00e2y d\u1ef1ng l\u00f2ng tin v\u00e0 h\u1ed7 tr\u1ee3 l\u1eabn nhau c\u00f9ng ph\u00e1t tri\u1ec3n.<\/li>\n<li>L\u00ean tinh th\u1ea7n cho nh\u1eefng d\u1ef1 \u00e1n m\u1edbi.<\/li>\n<li>Tr\u1ea3i nghi\u1ec7m v\u00e0 x\u00e2y d\u1ef1ng v\u0103n h\u00f3a c\u00f4ng ty.<\/li>\n<\/ul>\n<p><strong>HI\u1ec6U QU\u1ea2 \u0110\u1ea0T \u0110\u01af\u1ee2C: <\/strong><\/p>\n<p><strong>\u00a0 \u00a0 \u00a0 1. \u0110\u1ed1i v\u1edbi m\u1ed7i c\u00e1 nh\u00e2n: <\/strong><\/p>\n<ul>\n<li>R\u00e8n luy\u1ec7n t\u00ednh c\u1ea9n th\u1eadn, ki\u00ean nh\u1eabn.<\/li>\n<li>R\u00e8n luy\u1ec7n t\u00ednh ti\u1ebft ki\u1ec7m v\u00e0 b\u1ea3o v\u1ec7 t\u00e0i nguy\u00ean<\/li>\n<li>Ph\u00e1t huy kh\u1ea3 n\u0103ng giao ti\u1ebfp, l\u00e3nh \u0111\u1ea1o.<\/li>\n<li>Bi\u1ebft c\u00e1ch ph\u00e1t huy th\u1ebf m\u1ea1nh c\u00e1 nh\u00e2n, t\u1ef1 \u0111i\u1ec1u ch\u1ec9nh v\u00e0 ho\u00e0n thi\u1ec7n b\u1ea3n th\u00e2n.<\/li>\n<\/ul>\n<p><strong>\u00a0 \u00a0 \u00a0 2. \u0110\u1ed1i v\u1edbi t\u1eadp th\u1ec3: <\/strong><\/p>\n<ul>\n<li>X\u00e2y d\u1ef1ng m\u1ed9t t\u1eadp th\u1ec3 kh\u1ecfe m\u1ea1nh, c\u00f4ng ty ph\u00e1t tri\u1ec3n b\u1ec1n v\u1eefng.<\/li>\n<\/ul>\n<p><strong>\u00a0 \u00a0 \u00a0 3. Gi\u1ea3i th\u01b0\u1edfng Team Building: <\/strong><\/p>\n<ul>\n<li>Gi\u1ea3i nh\u1ea5t:01 th\u00f9ng bia tiger<\/li>\n<li>Gi\u1ea3i nh\u00ec: 01 th\u00f9ng n\u01b0\u1edbc ng\u1ecdt<\/li>\n<\/ul>\n<p>Sau \u0111\u00f3, qu\u00fd kh\u00e1ch ngh\u1ec9 ng\u01a1i t\u1ea1i kh\u00e1ch s\u1ea1n, chu\u1ea9n b\u1ecb cho ch\u01b0\u01a1ng tr\u00ecnh Gala Dinner \u0111\u1eb7c s\u1eafc v\u00e0o bu\u1ed5i t\u1ed1i.<\/p>\n<p><strong>18h30:<\/strong> Q\u00fay kh\u00e1ch tham gia Ch\u01b0\u01a1ng tr\u00ecnh <strong>G<\/strong><strong>ala Dinner<\/strong> t\u1ea1i kh\u00e1ch s\u1ea1n v\u1edbi n\u1ed9i dung ch\u01b0\u01a1ng tr\u00ecnh \u201cTOGETHER WE SHINE\u201d. Ch\u01b0\u01a1ng tr\u00ecnh chi ti\u1ebft s\u1ebd \u0111\u01b0a ra th\u1ed1ng nh\u1ea5t gi\u1eefa kh\u00e1ch v\u00e0 \u0111\u01a1n v\u1ecb du l\u1ecbch.<\/p>\n<p><a href=\"https:\/\/www.gotadi.com\/services\/wp-content\/uploads\/2025\/02\/gala-1.jpg\"><img loading=\"lazy\" decoding=\"async\" class=\"alignnone wp-image-4621\" src=\"https:\/\/www.gotadi.com\/services\/wp-content\/uploads\/2025\/02\/gala-1-300x200.jpg\" alt=\"\" width=\"800\" height=\"534\" srcset=\"https:\/\/www.gotadi.com\/services\/wp-content\/uploads\/2025\/02\/gala-1-300x200.jpg 300w, https:\/\/www.gotadi.com\/services\/wp-content\/uploads\/2025\/02\/gala-1-1024x683.jpg 1024w, https:\/\/www.gotadi.com\/services\/wp-content\/uploads\/2025\/02\/gala-1-768x512.jpg 768w, https:\/\/www.gotadi.com\/services\/wp-content\/uploads\/2025\/02\/gala-1-600x400.jpg 600w, https:\/\/www.gotadi.com\/services\/wp-content\/uploads\/2025\/02\/gala-1.jpg 1360w\" sizes=\"auto, (max-width: 800px) 100vw, 800px\" \/><\/a><\/p>\n<p><strong>18h45: K<\/strong><strong>hai m\u1ea1c ch\u01b0\u01a1ng tr\u00ecnh <\/strong><\/p>\n<ul>\n<li>Mc giao l\u01b0u m\u1ed9t s\u1ed1 tr\u00f2 ch\u01a1i vui nh\u1ed9n kh\u1ea5y \u0111\u1ed9ng s\u00e2n kh\u1ea5u (Test IQ, d\u00e2n v\u0169,..)<\/li>\n<li>Mc t\u1eadp trung gi\u1edbi thi\u1ec7u \u0111\u1ea1i bi\u1ec3u<\/li>\n<li>Nh\u1ea3y Flashmode (c\u00e1c th\u00e0nh vi\u00ean c\u00f9ng h\u00f2a \u0111i\u1ec7u nh\u00e0y Flashmode t\u1ea1o kh\u00f4ng kh\u00ed vui t\u01b0\u01a1i cho chuy\u1ebfn \u0111i)<\/li>\n<\/ul>\n<p><strong>19h30: Tuy\u00ean b\u1ed1 l\u00fd do \u2013\u00a0khai m\u1ea1c ch\u01b0\u01a1ng tr\u00ecnh <\/strong><\/p>\n<ul>\n<li>Mc m\u1eddi \u0111\u1ea1i di\u1ec7n c\u00f4ng ty l\u00ean ph\u00e1t bi\u1ec3u<\/li>\n<li>\u0110i\u1ec3m l\u1ea1i nh\u1eefng th\u00e0nh t\u1ef1u m\u00e0 c\u00f4ng ty \u0111\u1ea1t \u0111\u01b0\u1ee3c trong n\u0103m<\/li>\n<li>Chia s\u1ebb c\u1ea3m ngh\u0129, \u0111\u1ecbn h\u01b0\u1edbng k\u1ebf ho\u1ea1ch cho c\u00f4ng ty<\/li>\n<li>Khui Champage, n\u00e2ng ly khai m\u1ea1c ch\u01b0\u01a1ng tr\u00ecnh<\/li>\n<li>Sinh nh\u1eadt b\u1ea5t ng\u1edd (M\u1eddi \u0111\u1ea1i di\u1ec7n c\u00f4ng ty v\u00e0 c\u00e1c th\u00e0nh vi\u00ean c\u00f3 ng\u00e0y sinh trong th\u00e1ng c\u00f9ng l\u00ean s\u00e2n kh\u1ea5u, \u0111\u1ea1i di\u1ec7n GOTADI t\u1eb7ng b\u00e1nh kem ch\u00fac m\u1eebng, h\u00e1t ch\u00fac m\u1eebng sinh nh\u1eadt.<\/li>\n<li>Ch\u01a1i m\u1ed9t s\u1ed1 ch\u01b0\u01a1ng tr\u00ecnh vui nh\u1ed9n nh\u01b0: game show th\u1ebf gi\u1edbi \u0111i\u1ec7n \u1ea3nh, thi g\u01b0\u01a1ng m\u1eb7t th\u00e2n quen, tr\u00ecnh di\u1ec5n th\u1eddi trang, game show my man can,\u2026.<\/li>\n<\/ul>\n<p><strong>B\u1ebf m\u1ea1c ch\u01b0\u01a1ng tr\u00ecnh \u2013 Mc c\u00f4ng b\u1ed1 gi\u1ea3i th\u01b0\u1edfng Teambuiding <\/strong><\/p>\n<ul>\n<li>M\u1eddi t\u1ea5t c\u1ea3 c\u00e1c th\u00e0nh vi\u00ean k\u1ebft n\u1ed1i, b\u1eaft ch\u00e9o tay th\u00e0nh 1 v\u00f2ng tr\u00f2n, h\u00e1t b\u00e0i h\u00e1t t\u1eadp th\u1ec3 \u00fd ngh\u0129a.<\/li>\n<li>Chia s\u1ebb nh\u1eefng c\u1ea3m x\u00fac trong chuy\u1ebfn \u0111i.<\/li>\n<li>20p nh\u1ea1c Dance s\u00f4i \u0111\u1ed9ng, k\u1ebft th\u00fac ch\u01b0\u01a1ng tr\u00ecnh.<\/li>\n<\/ul>\n<p><strong>22h00:<\/strong> K\u1ebft th\u00fac ch\u01b0\u01a1ng tr\u00ecnh <strong>Gala Dinner<\/strong>, qu\u00fd kh\u00e1ch t\u1ef1 do kh\u00e1m ph\u00e1 th\u00e0nh ph\u1ed1 Phan Thi\u1ebft v\u1ec1 \u0111\u00eam.<\/p>\n<p>&nbsp;<\/p>\n<h2 id=\"ngay-2-doi-cat-bay-tp-ho-chi-minh-an-sang-an-trua\"><span data-text-color=\"success\"><strong>NG\u00c0Y 2: \u0110\u1ed2I C\u00c1T BAY \u2013 TP.H\u1ed2 CH\u00cd MINH (\u0102n s\u00e1ng, \u0103n tr\u01b0a)<\/strong><\/span><\/h2>\n<p><strong>05h00:<\/strong> \u00a0Xe \u0111\u01b0a \u0111o\u00e0n tham quan v\u00e0 chinh ph\u1ee5c\u00a0<strong>\u0110\u1ed3i C\u00e1t Bay (Ti\u1ec3u sa m\u1ea1c),<\/strong> t\u1ea1i \u0111\u00e2y qu\u00fd \u0111o\u00e0n s\u1ebd chi\u00eam ng\u01b0\u1ee1ng \u0111\u01b0\u1ee3c nh\u1eefng \u0111\u1ed3i c\u00e1t tr\u1eafng tr\u00e3i d\u00e0i v\u00e0 h\u1ed3 sen tuy\u1ec7t \u0111\u1eb9p v\u00e0 tr\u1ea3i nghi\u1ec7m xe jeep hay l\u00e0 nh\u1eefng chi\u1ebfc moto \u0111\u1ecba h\u00ecnh ch\u1ea1y d\u1ecdc nh\u1eefng tri\u1ec1n c\u00e1t tr\u1eafng t\u1ea1i M\u0169i N\u00e9, Phan Thi\u1ebft.<\/p>\n<p><strong>07h00:\u00a0<\/strong>D\u00f9ng \u0111i\u1ec3m t\u00e2m buffet s\u00e1ng t\u1ea1i Nh\u00e0 H\u00e0ng, sau \u0111\u00f3 t\u1eafm bi\u1ec3n v\u00e0 sinh ho\u1ea1t t\u1ef1 do.<\/p>\n<p><strong>10h00:<\/strong> \u0110o\u00e0n l\u00e0m th\u1ee7 t\u1ee5c tr\u1ea3 ph\u00f2ng, Sau \u0111\u00f3 kh\u1edfi h\u00e0nh tham quan L\u00e2u \u0110\u00e0i R\u01b0\u1ee3u Vang &#8211; Napa Valley l\u1edbn nh\u1ea5t t\u1ea1i Vi\u1ec7t Nam. Th\u01b0\u1edfng th\u1ee9c r\u01b0\u1ee3u vang Napa v\u00e0 tham quan, ch\u1ee5p h\u00ecnh t\u1ea1i n\u01a1i c\u00f3 c\u1ea3nh quan tuy\u1ec7t \u0111\u1eb9p t\u1ea1i Phan Thi\u1ebft.<\/p>\n<p>Xe \u0111\u01b0a \u0111o\u00e0n di chuy\u1ec3n ra <strong>Phan Thi\u1ebft<\/strong>\u00a0d\u1eebng ch\u00e2n tham quan\u00a0<strong>mua s\u1eafm \u0111\u1eb7c s\u1ea3n \u0111\u1ecba ph\u01b0\u01a1ng<\/strong> t\u1ea1i c\u01a1 s\u1edf s\u1ea3n xu\u1ea5t: n\u01b0\u1edbc m\u1eafm, kh\u00f4, m\u1ef1c Phan Thi\u1ebft\u2026<\/p>\n<p><strong>12h30:<\/strong>\u00a0Xe \u0111\u01b0a \u0111o\u00e0n \u0111\u1ebfn nh\u00e0 h\u00e0ng d\u00f9ng b\u1eefa tr\u01b0a t\u1ea1i\u00a0nh\u00e0 h\u00e0ng \u0111\u1ecba ph\u01b0\u01a1ng.<\/p>\n<p><strong>13h30:\u00a0<\/strong>Kh\u1edfi h\u00e0nh v\u1ec1 TP H\u1ed2 CH\u00cd MINH. Tr\u00ean \u0111\u01b0\u1eddng v\u1ec1 qu\u00fd kh\u00e1ch d\u1eebng ch\u00e2n ngh\u1ec9 ng\u01a1i t\u1ea1i khu v\u1ef1c\u00a0<strong>Long kh\u00e1nh<\/strong>\u00a0ngh\u1ec9 ng\u01a1i.<\/p>\n<p><strong>17h00:<\/strong> V\u1ec1 \u0111i\u1ec3m \u0111\u00f3n ban \u0111\u1ea7u. K\u1ebft th\u00fac chuy\u1ebfn tham quan. Chia tay Qu\u00fd kh\u00e1ch v\u00e0 h\u1eb9n ng\u00e0y g\u1eb7p l\u1ea1i.<\/p>\n<p>&nbsp;<\/p>\n<p><strong>GI\u00c1 TOUR BAO G\u1ed2M <\/strong><\/p>\n<ul>\n<li>Xe tham quan ph\u1ee5c v\u1ee5 su\u1ed1t h\u00e0nh tr\u00ecnh<\/li>\n<li>C\u00e1c b\u1eefa \u0103n theo ch\u01b0\u01a1ng tr\u00ecnh<\/li>\n<li>V\u00e9 tham quan c\u00e1c \u0111i\u1ec3m bao g\u1ed3m trong ch\u01b0\u01a1ng tr\u00ecnh<\/li>\n<li>H\u01b0\u1edbng d\u1eabn vi\u00ean nhi\u1ec7t t\u00ecnh, vui v\u1ebb, ph\u1ee5c v\u1ee5 chuy\u00ean nghi\u1ec7p.<\/li>\n<li>B\u1ea3o hi\u1ec3m du l\u1ecbch\u00a0: m\u1ee9c b\u1ed3i th\u01b0\u1eddng 100.000.000 \u0111\/ kh\u00e1ch.<\/li>\n<li>N\u01b0\u1edbc su\u1ed1i (1 chai\/ kh\u00e1ch\/ ng\u00e0y)\u00a0; kh\u0103n l\u1ea1nh (1 c\u00e1i\/ kh\u00e1ch\/ ng\u00e0y).<\/li>\n<li>H\u00f3a \u0111\u01a1n gi\u00e1 tr\u1ecb gia t\u0103ng VAT<\/li>\n<\/ul>\n<p><strong>KH\u00d4NG BAO G\u1ed2M <\/strong><\/p>\n<ul>\n<li>Chi ph\u00ed gi\u1eb7t \u1ee7i, c\u00e1c chi ph\u00ed c\u00e1 nh\u00e2n ph\u00e1t sinh kh\u00e1c.<\/li>\n<li>Ch\u01b0\u01a1ng tr\u00ecnh Gala Dinner\u00a0: S\u00e2n kh\u1ea5u, \u00e2m thanh, \u00e1nh s\u00e1ng, MC, qu\u00e0 t\u1eb7ng game<\/li>\n<li>Ch\u01b0\u01a1ng tr\u00ecnh teambuilding<\/li>\n<li>Su\u1ea5t \u0103n gala dinner.<\/li>\n<li>\u0102n u\u1ed1ng n\u1eb1m ngo\u00e0i ch\u01b0\u01a1ng tr\u00ecnh tour.<\/li>\n<li>Ti\u1ec1n tip cho t\u00e0i x\u1ebf v\u00e0 HDV.<\/li>\n<\/ul>\n<p><strong>QUI \u0110\u1ecaNH TR\u1eba EM <\/strong><\/p>\n<ul>\n<li>Tr\u1ebb em d\u01b0\u1edbi 5 tu\u1ed5i : mi\u1ec5n ph\u00ed (b\u00e9 ng\u1ee7 chung gi\u01b0\u1eddng v\u1edbi B\u1ed1 M\u1eb9).<\/li>\n<li>Tr\u1ebb em t\u1eeb 5 \u0111\u1ebfn d\u01b0\u1edbi 11 tu\u1ed5i: 50% gi\u00e1 c\u1ee7a ng\u01b0\u1eddi l\u1edbn (c\u00f3 gh\u1ebf ng\u1ed3i ri\u00eang; su\u1ea5t \u0103n ng\u1ee7 c\u00f9ng v\u1edbi B\u1ed1 m\u1eb9).<\/li>\n<li>Tr\u1ebb em t\u1eeb 11 tu\u1ed5i tr\u1edf l\u00ean : 100% gi\u00e1 nh\u01b0 ng\u01b0\u1eddi l\u1edbn<\/li>\n<\/ul>\n<p style=\"text-align: center\"><strong>CH\u00daC QU\u00dd KH\u00c1CH M\u1ed8T CHUY\u1ebeN \u0110I VUI V\u1eba!<\/strong><\/p>\n<p>&nbsp;<\/p>\n<p>&nbsp;<\/p>\n<p>&nbsp;<\/p>\n<p>&nbsp;<\/p>\n<p>&nbsp;<\/p>\n","protected":false},"excerpt":{"rendered":"<p>Bi\u1ec3n Phan Thi\u1ebft \u0111\u01b0\u1ee3c v\u00ed nh\u01b0 m\u1ed9t n\u00e0ng c\u00f4ng ch\u00faa ng\u1ee7 qu\u00ean, ch\u1ec9 \u0111\u1ebfn cu\u1ed1i th\u1ebf k\u1ef7 20 m\u1edbi \u0111\u01b0\u1ee3c \u0111\u00e1nh th\u1ee9c. V\u1edbi \u0111\u01b0\u1eddng b\u1edd bi\u1ec3n d\u00e0i h\u01a1n 30km, n\u01a1i \u0111\u00e2y s\u1edf h\u1eefu \u0111\u1ecba h\u00ecnh phong ph\u00fa v\u00e0 \u0111a d\u1ea1ng. Khu v\u1ef1c \u0110\u1ed3i D\u01b0\u01a1ng, Nguy\u1ec5n \u0110\u00ecnh Chi\u1ec3u, Hu\u1ef3nh Th\u00fac Kh\u00e1ng c\u00f3 \u0111\u1eb7c tr\u01b0ng l\u00e0 s\u00f3ng l\u1edbn v\u00e0 b\u00e3i c\u00e1t ng\u1eafn. Ng\u01b0\u1ee3c l\u1ea1i, M\u0169i N\u00e9, H\u00f2n R\u01a1m, Su\u1ed1i N\u01b0\u1edbc l\u1ea1i mang v\u1ebb \u0111\u1eb9p y\u00ean b\u00ecnh v\u1edbi s\u00f3ng \u00eam, b\u00e3i c\u00e1t d\u00e0i thoai tho\u1ea3i. Phan Thi\u1ebft c\u00f2n n\u1ed5i ti\u1ebfng l\u00e0 khu v\u1ef1c c\u00f3 nhi\u1ec1u resort ven bi\u1ec3n nh\u1ea5t Vi\u1ec7t Nam, r\u1ea5t l\u00fd t\u01b0\u1edfng cho c\u00e1c chuy\u1ebfn du l\u1ecbch.<\/p>\n<p>Tour Team Building M\u0169i N\u00e9 &#8211; Phan Thi\u1ebft do Gotadi t\u1ed5 ch\u1ee9c mang \u0111\u1ebfn nh\u1eefng \u0111i\u1ec3m \u0111\u1ebfn m\u1edbi l\u1ea1 v\u00e0 c\u00e1c ch\u01b0\u01a1ng tr\u00ecnh \u0111\u01b0\u1ee3c thi\u1ebft k\u1ebf ri\u00eang theo nhu c\u1ea7u c\u1ee7a kh\u00e1ch h\u00e0ng, gi\u00fap b\u1ea1n c\u00f3 nh\u1eefng gi\u00e2y ph\u00fat \u00fd ngh\u0129a b\u00ean b\u1ea1n b\u00e8 v\u00e0 \u0111\u1ed3ng nghi\u1ec7p. B\u00ean c\u1ea1nh \u0111\u00f3, b\u1ea1n c\u00f2n c\u00f3 c\u01a1 h\u1ed9i nh\u1eadn \u0111\u01b0\u1ee3c nhi\u1ec1u ph\u1ea7n qu\u00e0 h\u1ea5p d\u1eabn trong su\u1ed1t h\u00e0nh tr\u00ecnh v\u00e0 t\u1ea1i ti\u1ec7c Gala Dinner. C\u00f2n ch\u1ea7n ch\u1eeb g\u00ec n\u1eefa? H\u00e3y \u0111\u0103ng k\u00fd ngay h\u00f4m nay!<\/p>\n","protected":false},"featured_media":4417,"comment_status":"open","ping_status":"closed","template":"","meta":{"_acf_changed":false},"product_cat":[184,195,193,194,192,183],"product_tag":[],"class_list":{"0":"post-4408","1":"product","2":"type-product","3":"status-publish","4":"has-post-thumbnail","6":"product_cat-cong-vien-chu-de","7":"product_cat-gala-dinner","8":"product_cat-phan-thiet","9":"product_cat-teambuilding","10":"product_cat-tour-tron-goi","11":"product_cat-viet-nam","13":"first","14":"instock","15":"sale","16":"shipping-taxable","17":"purchasable","18":"product-type-simple"},"acf":[],"_links":{"self":[{"href":"https:\/\/www.gotadi.com\/services\/wp-json\/wp\/v2\/product\/4408","targetHints":{"allow":["GET"]}}],"collection":[{"href":"https:\/\/www.gotadi.com\/services\/wp-json\/wp\/v2\/product"}],"about":[{"href":"https:\/\/www.gotadi.com\/services\/wp-json\/wp\/v2\/types\/product"}],"replies":[{"embeddable":true,"href":"https:\/\/www.gotadi.com\/services\/wp-json\/wp\/v2\/comments?post=4408"}],"wp:featuredmedia":[{"embeddable":true,"href":"https:\/\/www.gotadi.com\/services\/wp-json\/wp\/v2\/media\/4417"}],"wp:attachment":[{"href":"https:\/\/www.gotadi.com\/services\/wp-json\/wp\/v2\/media?parent=4408"}],"wp:term":[{"taxonomy":"product_cat","embeddable":true,"href":"https:\/\/www.gotadi.com\/services\/wp-json\/wp\/v2\/product_cat?post=4408"},{"taxonomy":"product_tag","embeddable":true,"href":"https:\/\/www.gotadi.com\/services\/wp-json\/wp\/v2\/product_tag?post=4408"}],"curies":[{"name":"wp","href":"https:\/\/api.w.org\/{rel}","templated":true}]}}