{"id":4427,"date":"2025-02-07T17:44:15","date_gmt":"2025-02-07T10:44:15","guid":{"rendered":"https:\/\/www.gotadi.com\/services\/?post_type=product&#038;p=4427"},"modified":"2026-04-21T22:55:31","modified_gmt":"2026-04-21T15:55:31","slug":"nha-trang-3n2d-team-building-gala-dinner","status":"publish","type":"product","link":"https:\/\/www.gotadi.com\/services\/nha-trang-3n2d-team-building-gala-dinner\/","title":{"rendered":"NHA TRANG 3N2\u0110 \u2013 TEAM BUILDING \u2013 GALA DINNER"},"content":{"rendered":"<h2 id=\"ngay-01-tp-hcm-nha-trang-teambuiding-an-sang-an-trua-an-toi\"><span data-text-color=\"success\"><strong>NG\u00c0Y 01: TP.HCM &#8211; NHA TRANG &#8211; TEAMBUIDING (\u0102n s\u00e1ng, \u0103n tr\u01b0a, \u0103n t\u1ed1i)<\/strong><\/span><\/h2>\n<p><strong>04h00:<\/strong> Xe v\u00e0 HDV Gotadi \u0111\u00f3n \u0111o\u00e0n t\u1ea1i \u0111i\u1ec3m h\u1eb9n, kh\u1edfi h\u00e0nh \u0111i Nha Trang. \u0110o\u00e0n d\u00f9ng \u0111i\u1ec3m t\u00e2m s\u00e1ng v\u00e0 ti\u1ebfp t\u1ee5c h\u00e0nh tr\u00ecnh \u0111i Nha Trang v\u1edbi c\u00e1c tr\u00f2 ch\u01a1i vui nh\u1ed9n c\u00f3 th\u01b0\u1edfng tr\u00ean xe.<\/p>\n<p><strong>11h30:<\/strong> Qu\u00fd kh\u00e1ch d\u00f9ng c\u01a1m tr\u01b0a t\u1ea1i nh\u00e0 h\u00e0ng \u0111\u1ecba ph\u01b0\u01a1ng, sau \u0111\u00f3 \u0111o\u00e0n kh\u1edfi h\u00e0nh v\u1ec1 kh\u00e1ch s\u1ea1n l\u00e0m th\u1ee7 t\u1ee5c nh\u1eadn ph\u00f2ng, ngh\u1ec9 ng\u01a1i t\u1ef1 do.<\/p>\n<p><strong>15h30:<\/strong> Qu\u00fd kh\u00e1ch tham gia ch\u01b0\u01a1ng tr\u00ecnh <strong>TEAM BUILDING<\/strong> c\u00f9ng Ho\u1ea1t N\u00e1o Vi\u00ean DU L\u1ecaCH GOTADI, v\u1edbi nh\u1eefng tr\u00f2 ch\u01a1i vui nh\u1ed9n, mang tinh th\u1ea7n \u0111\u1ed3ng \u0111\u1ed9i, \u0111o\u00e0n k\u1ebft.<\/p>\n<p><a href=\"https:\/\/www.gotadi.com\/services\/wp-content\/uploads\/2025\/02\/z5914483624661_8605164af86029f7dd1c0db43b59d142.jpg\"><img loading=\"lazy\" decoding=\"async\" class=\"alignnone size-large wp-image-4623\" src=\"https:\/\/www.gotadi.com\/services\/wp-content\/uploads\/2025\/02\/z5914483624661_8605164af86029f7dd1c0db43b59d142-1024x576.jpg\" alt=\"\" width=\"1020\" height=\"574\" srcset=\"https:\/\/www.gotadi.com\/services\/wp-content\/uploads\/2025\/02\/z5914483624661_8605164af86029f7dd1c0db43b59d142-1024x576.jpg 1024w, https:\/\/www.gotadi.com\/services\/wp-content\/uploads\/2025\/02\/z5914483624661_8605164af86029f7dd1c0db43b59d142-300x169.jpg 300w, https:\/\/www.gotadi.com\/services\/wp-content\/uploads\/2025\/02\/z5914483624661_8605164af86029f7dd1c0db43b59d142-768x432.jpg 768w, https:\/\/www.gotadi.com\/services\/wp-content\/uploads\/2025\/02\/z5914483624661_8605164af86029f7dd1c0db43b59d142-600x338.jpg 600w, https:\/\/www.gotadi.com\/services\/wp-content\/uploads\/2025\/02\/z5914483624661_8605164af86029f7dd1c0db43b59d142.jpg 1280w\" sizes=\"auto, (max-width: 1020px) 100vw, 1020px\" \/><\/a><\/p>\n<p><strong>M\u1ee4C \u0110\u00cdCH C\u1ee6A CH\u01af\u01a0NG TR\u00ccNH: <\/strong><\/p>\n<ul>\n<li>Ph\u00e1 v\u1ee1 b\u1ee9c t\u01b0\u1eddng ng\u0103n c\u00e1ch gi\u1eefa c\u00e1c th\u00e0nh vi\u00ean trong c\u00f4ng ty.<\/li>\n<li>T\u1ea1o ra ni\u1ec1m t\u1ef1 h\u00e0o khi \u0111\u01b0\u1ee3c l\u00e0m vi\u1ec7c t\u1ea1i c\u00f4ng ty.<\/li>\n<li>Kh\u1eb3ng \u0111\u1ecbnh t\u1ea7m quan tr\u1ecdng c\u1ee7a l\u00e0m vi\u1ec7c nh\u00f3m\/teamwork.<\/li>\n<li>X\u00e2y d\u1ef1ng l\u00f2ng tin v\u00e0 h\u1ed7 tr\u1ee3 l\u1eabn nhau c\u00f9ng ph\u00e1t tri\u1ec3n.<\/li>\n<li>L\u00ean tinh th\u1ea7n cho nh\u1eefng d\u1ef1 \u00e1n m\u1edbi.<\/li>\n<li>Tr\u1ea3i nghi\u1ec7m v\u00e0 x\u00e2y d\u1ef1ng v\u0103n h\u00f3a c\u00f4ng ty.<\/li>\n<\/ul>\n<p><strong>HI\u1ec6U QU\u1ea2 \u0110\u1ea0T \u0110\u01af\u1ee2C: <\/strong><\/p>\n<p><strong>\u00a0 \u00a0 \u00a0 1. \u0110\u1ed1i v\u1edbi m\u1ed7i c\u00e1 nh\u00e2n: <\/strong><\/p>\n<ul>\n<li>R\u00e8n luy\u1ec7n t\u00ednh c\u1ea9n th\u1eadn, ki\u00ean nh\u1eabn.<\/li>\n<li>R\u00e8n luy\u1ec7n t\u00ednh ti\u1ebft ki\u1ec7m v\u00e0 b\u1ea3o v\u1ec7 t\u00e0i nguy\u00ean<\/li>\n<li>Ph\u00e1t huy kh\u1ea3 n\u0103ng giao ti\u1ebfp, l\u00e3nh \u0111\u1ea1o.<\/li>\n<li>Bi\u1ebft c\u00e1ch ph\u00e1t huy th\u1ebf m\u1ea1nh c\u00e1 nh\u00e2n, t\u1ef1 \u0111i\u1ec1u ch\u1ec9nh v\u00e0 ho\u00e0n thi\u1ec7n b\u1ea3n th\u00e2n.<\/li>\n<\/ul>\n<p><strong>\u00a0 \u00a0 \u00a0 2. \u0110\u1ed1i v\u1edbi t\u1eadp th\u1ec3: <\/strong><\/p>\n<ul>\n<li>X\u00e2y d\u1ef1ng m\u1ed9t t\u1eadp th\u1ec3 kh\u1ecfe m\u1ea1nh, c\u00f4ng ty ph\u00e1t tri\u1ec3n b\u1ec1n v\u1eefng.<\/li>\n<\/ul>\n<p><strong>\u00a0 \u00a0 \u00a0 3. Gi\u1ea3i th\u01b0\u1edfng Team Building: <\/strong><\/p>\n<ul>\n<li>Gi\u1ea3i nh\u1ea5t:01 th\u00f9ng bia tiger<\/li>\n<li>Gi\u1ea3i nh\u00ec: 01 th\u00f9ng n\u01b0\u1edbc ng\u1ecdt<\/li>\n<\/ul>\n<p>Sau \u0111\u00f3, qu\u00fd kh\u00e1ch ngh\u1ec9 ng\u01a1i t\u1ea1i kh\u00e1ch s\u1ea1n, chu\u1ea9n b\u1ecb cho ch\u01b0\u01a1ng tr\u00ecnh Gala Dinner \u0111\u1eb7c s\u1eafc v\u00e0o bu\u1ed5i t\u1ed1i.<\/p>\n<p><strong>18h00:<\/strong> D\u00f9ng c\u01a1m chi\u1ec1u t\u1ea1i nh\u00e0 h\u00e0ng, sau \u0111\u00f3 Qu\u00fd kh\u00e1ch t\u1ef1 do kh\u00e1m ph\u00e1 th\u00e0nh ph\u1ed1 bi\u1ec3n Nha Trang v\u1ec1 \u0111\u00eam.<\/p>\n<p>&nbsp;<\/p>\n<h2 id=\"ngay-2-du-ngoan-nha-trang-gala-dinner-an-sang-an-trua-an-toi\"><span data-text-color=\"success\"><strong>NG\u00c0Y 2: DU NGO\u1ea0N NHA TRANG &#8211; GALA DINNER (\u0102n s\u00e1ng, \u0103n tr\u01b0a, \u0103n t\u1ed1i)<\/strong><\/span><\/h2>\n<p><strong>06h30: <\/strong> \u0110o\u00e0n t\u1eadp trung d\u00f9ng \u0111i\u1ec3m t\u00e2m s\u00e1ng.<\/p>\n<p><strong>08h00: <\/strong>\u0110o\u00e0n kh\u1edfi h\u00e0nh \u0111i tham quan \u0111\u1ea3o Con S\u1ebb Tre v\u00e0 B\u00e3i Tranh. T\u1eafm bi\u1ec3n v\u00e0 tr\u1ea3i nghi\u1ec7m c\u00e1c tr\u00f2 ch\u01a1i nh\u01b0 l\u1eb7n ng\u1eafm san h\u00f4, ch\u00e8o sup, nh\u1ea3y d\u00f9 bi\u1ec3n\u2026 (chi ph\u00ed t\u1ef1 t\u00fac)<\/p>\n<p><strong>12h00:<\/strong> \u0110o\u00e0n \u0103n tr\u01b0a tr\u00ean \u0111\u1ea3o Con S\u1ebb Tre, sau \u0111\u00f3 di chuy\u1ec3n v\u1ec1 \u0111\u1ea5t li\u1ec1n, v\u1ec1 kh\u00e1ch s\u1ea1n ngh\u1ec9 ng\u01a1i.<\/p>\n<p><strong>14h00:<\/strong> Q\u00fay kh\u00e1ch ch\u1ecdn 1 trong 3:<\/p>\n<p><strong><u>L\u1ef1a ch\u1ecdn 01:<\/u><\/strong> \u0110o\u00e0n tham quan H\u00f2n Ch\u1ed3ng v\u00e0 vi\u1ec7n H\u1ea3i D\u01b0\u01a1ng h\u1ecdc \u2013 n\u01a1i l\u01b0u tr\u1eef sinh v\u1eadt bi\u1ec3n v\u1edbi h\u01a1n 4.000 lo\u1ea1i sinh v\u1eadt v\u00e0 tr\u00ean 20.000 m\u1eabu v\u1eadt \u0111\u00e3 \u0111\u01b0\u1ee3c g\u00ecn gi\u1eef t\u1eeb nhi\u1ec1u n\u0103m. B\u00ean c\u1ea1nh \u0111\u00f3, n\u01a1i \u0111\u00e2y c\u00f2n c\u00f3 r\u1ea5t nhi\u1ec1u lo\u00e0i sinh v\u1eadt bi\u1ec3n s\u1ed1ng \u0111\u01b0\u1ee3c nu\u00f4i th\u1ea3 trong b\u1ec3 k\u00ednh.Hi\u1ec7n nay, Vi\u1ec7n H\u1ea3i d\u01b0\u01a1ng h\u1ecdc Nha Trang \u0111\u01b0\u1ee3c t\u1eadp trung \u0111\u1ea7u t\u01b0 ph\u00e1t tri\u1ec3n th\u00e0nh m\u1ed9t qu\u1ea7n th\u1ec3 ph\u1ee5c v\u1ee5 nghi\u00ean c\u1ee9u, tham quan c\u0169ng nh\u01b0 gi\u00e1o d\u1ee5c v\u1ec1 b\u1ea3o v\u1ec7 c\u00e1c lo\u00e0i sinh v\u1eadt bi\u1ec3n l\u1edbn nh\u1ea5t n\u01b0\u1edbc.<\/p>\n<p><strong><u>L\u1ef1a ch\u1ecdn 02:<\/u><\/strong> \u0110o\u00e0n tham quan I-resort \u2013 Q\u00fay kh\u00e1ch c\u00f3 th\u1ec3 t\u1eafm kho\u00e1ng v\u00e0 b\u00f9n t\u1ea1i \u0111\u00e2y, t\u1ef1 do th\u01b0 gi\u00e3n d\u01b0\u1edbi l\u00e0n n\u01b0\u1edbc kho\u00e1ng, sau \u0111\u00f3 di chuy\u1ec3n sang th\u00e1p b\u00e0 Ponagar m\u1ed9t \u0111\u1ecba danh n\u1ed5i ti\u1ebfng kh\u00f4ng th\u1ec3 b\u1ecf l\u1ee1 t\u1ea1i Nha Trang. \u0110\u00e2y l\u00e0 c\u00f4ng tr\u00ecnh c\u00f3 quy m\u00f4 l\u1edbn nh\u1ea5t v\u00e0 c\u00f3 vai tr\u00f2 quan tr\u1ecdng trong l\u1ecbch s\u1eed ngh\u1ec7 thu\u1eadt ki\u1ebfn tr\u00fac t\u00f4n gi\u00e1o Ch\u0103m.<\/p>\n<p><strong><u>L\u1ef1a ch\u1ecdn 03:<\/u><\/strong>\u00a0Xe \u0111\u01b0a \u0111o\u00e0n \u0111\u1ebfn c\u1ea3ng c\u1ea7u \u0110\u00e1, \u0111i c\u00e1p treo v\u01b0\u1ee3t bi\u1ec3n d\u00e0i nh\u1ea5t th\u1ebf gi\u1edbi \u0111\u1ebfn v\u1edbi khu gi\u1ea3i tr\u00ed ph\u1ee9c h\u1ee3p Vinpearl Land:<\/p>\n<p>T\u1ea1i \u0111\u00e2y Qu\u00fd Kh\u00e1ch s\u1ebd t\u1eebng b\u01b0\u1edbc t\u1eadn h\u01b0\u1edfng nh\u1eefng tr\u00f2 ch\u01a1i theo nh\u1eefng cung b\u1eadc r\u1ea5t kh\u00e1c nhau. T\u1eeb nh\u1eb9 ng\u00e0ng \u00eam \u00e1i nh\u01b0 C\u01b0\u1ee1i ng\u1ef1a, C\u1ea3m gi\u00e1c l\u1ea1 l\u00f9ng t\u1ea1i Khu Chi\u1ebfu Phim 4D, m\u1ea1nh m\u1ebd, gi\u1eadt m\u00ecnh la h\u00e9t t\u1ea1i T\u00e0u L\u01b0\u1ee3n Si\u00eau T\u1ed1c, hay m\u00ecnh \u0111ang \u0111\u01b0\u1ee3c bay v\u00e0o v\u0169 tr\u1ee5 nh\u01b0 Chi\u1ebfc B\u00faa ng\u01b0\u1ee3c\u2026v\u00e0 c\u00f2n r\u1ea5t nhi\u1ec1u nh\u1eefng tr\u00f2 ch\u01a1i \u0111\u1ea7y th\u00fa v\u1ecb kh\u00e1c.<\/p>\n<p><strong>18h30:<\/strong> Q\u00fay kh\u00e1ch tham gia Ch\u01b0\u01a1ng tr\u00ecnh <strong>G<\/strong><strong>ala Dinner<\/strong> t\u1ea1i kh\u00e1ch s\u1ea1n v\u1edbi n\u1ed9i dung ch\u01b0\u01a1ng tr\u00ecnh \u201cTOGETHER WE SHINE\u201d. Ch\u01b0\u01a1ng tr\u00ecnh chi ti\u1ebft s\u1ebd \u0111\u01b0a ra th\u1ed1ng nh\u1ea5t gi\u1eefa kh\u00e1ch v\u00e0 \u0111\u01a1n v\u1ecb du l\u1ecbch.<\/p>\n<p><a href=\"https:\/\/www.gotadi.com\/services\/wp-content\/uploads\/2025\/02\/AK603715-scaled.jpg\"><img loading=\"lazy\" decoding=\"async\" class=\"alignnone size-large wp-image-4624\" src=\"https:\/\/www.gotadi.com\/services\/wp-content\/uploads\/2025\/02\/AK603715-1024x683.jpg\" alt=\"\" width=\"1020\" height=\"680\" srcset=\"https:\/\/www.gotadi.com\/services\/wp-content\/uploads\/2025\/02\/AK603715-1024x683.jpg 1024w, https:\/\/www.gotadi.com\/services\/wp-content\/uploads\/2025\/02\/AK603715-300x200.jpg 300w, https:\/\/www.gotadi.com\/services\/wp-content\/uploads\/2025\/02\/AK603715-768x512.jpg 768w, https:\/\/www.gotadi.com\/services\/wp-content\/uploads\/2025\/02\/AK603715-1536x1024.jpg 1536w, https:\/\/www.gotadi.com\/services\/wp-content\/uploads\/2025\/02\/AK603715-2048x1365.jpg 2048w, https:\/\/www.gotadi.com\/services\/wp-content\/uploads\/2025\/02\/AK603715-600x400.jpg 600w\" sizes=\"auto, (max-width: 1020px) 100vw, 1020px\" \/><\/a><\/p>\n<p><strong>18h45: K<\/strong><strong>hai m\u1ea1c ch\u01b0\u01a1ng tr\u00ecnh <\/strong><\/p>\n<ul>\n<li>Mc giao l\u01b0u m\u1ed9t s\u1ed1 tr\u00f2 ch\u01a1i vui nh\u1ed9n kh\u1ea5y \u0111\u1ed9ng s\u00e2n kh\u1ea5u (Test IQ, d\u00e2n v\u0169,..)<\/li>\n<li>Mc t\u1eadp trung gi\u1edbi thi\u1ec7u \u0111\u1ea1i bi\u1ec3u<\/li>\n<li>Nh\u1ea3y Flashmode (c\u00e1c th\u00e0nh vi\u00ean c\u00f9ng h\u00f2a \u0111i\u1ec7u nh\u00e0y Flashmode t\u1ea1o kh\u00f4ng kh\u00ed vui t\u01b0\u01a1i cho chuy\u1ebfn \u0111i)<\/li>\n<\/ul>\n<p><strong>19h30: Tuy\u00ean b\u1ed1 l\u00fd do \u2013\u00a0khai m\u1ea1c ch\u01b0\u01a1ng tr\u00ecnh <\/strong><\/p>\n<ul>\n<li>Mc m\u1eddi \u0111\u1ea1i di\u1ec7n c\u00f4ng ty l\u00ean ph\u00e1t bi\u1ec3u<\/li>\n<li>\u0110i\u1ec3m l\u1ea1i nh\u1eefng th\u00e0nh t\u1ef1u m\u00e0 c\u00f4ng ty \u0111\u1ea1t \u0111\u01b0\u1ee3c trong n\u0103m<\/li>\n<li>Chia s\u1ebb c\u1ea3m ngh\u0129, \u0111\u1ecbn h\u01b0\u1edbng k\u1ebf ho\u1ea1ch cho c\u00f4ng ty<\/li>\n<li>Khui Champage, n\u00e2ng ly khai m\u1ea1c ch\u01b0\u01a1ng tr\u00ecnh<\/li>\n<li>Sinh nh\u1eadt b\u1ea5t ng\u1edd (M\u1eddi \u0111\u1ea1i di\u1ec7n c\u00f4ng ty v\u00e0 c\u00e1c th\u00e0nh vi\u00ean c\u00f3 ng\u00e0y sinh trong th\u00e1ng c\u00f9ng l\u00ean s\u00e2n kh\u1ea5u, \u0111\u1ea1i di\u1ec7n GOTADI t\u1eb7ng b\u00e1nh kem ch\u00fac m\u1eebng, h\u00e1t ch\u00fac m\u1eebng sinh nh\u1eadt.<\/li>\n<li>Ch\u01a1i m\u1ed9t s\u1ed1 ch\u01b0\u01a1ng tr\u00ecnh vui nh\u1ed9n nh\u01b0: game show th\u1ebf gi\u1edbi \u0111i\u1ec7n \u1ea3nh, thi g\u01b0\u01a1ng m\u1eb7t th\u00e2n quen, tr\u00ecnh di\u1ec5n th\u1eddi trang, game show my man can,\u2026.<\/li>\n<\/ul>\n<p><strong>B\u1ebf m\u1ea1c ch\u01b0\u01a1ng tr\u00ecnh \u2013 Mc c\u00f4ng b\u1ed1 gi\u1ea3i th\u01b0\u1edfng Teambuiding <\/strong><\/p>\n<ul>\n<li>M\u1eddi t\u1ea5t c\u1ea3 c\u00e1c th\u00e0nh vi\u00ean k\u1ebft n\u1ed1i, b\u1eaft ch\u00e9o tay th\u00e0nh 1 v\u00f2ng tr\u00f2n, h\u00e1t b\u00e0i h\u00e1t t\u1eadp th\u1ec3 \u00fd ngh\u0129a.<\/li>\n<li>Chia s\u1ebb nh\u1eefng c\u1ea3m x\u00fac trong chuy\u1ebfn \u0111i.<\/li>\n<li>20p nh\u1ea1c Dance s\u00f4i \u0111\u1ed9ng, k\u1ebft th\u00fac ch\u01b0\u01a1ng tr\u00ecnh.<\/li>\n<\/ul>\n<p><strong>22h00:<\/strong> K\u1ebft th\u00fac ch\u01b0\u01a1ng tr\u00ecnh <strong>Gala Dinner<\/strong>, qu\u00fd kh\u00e1ch t\u1ef1 do kh\u00e1m ph\u00e1 th\u00e0nh ph\u1ed1 Nha Trang v\u1ec1 \u0111\u00eam.<\/p>\n<p>&nbsp;<\/p>\n<h2 id=\"ngay-3-nha-trang-tp-ho-chi-minh-an-sang-an-trua\"><span data-text-color=\"success\"><strong>NG\u00c0Y 3: NHA TRANG \u2013 TP.H\u1ed2 CH\u00cd MINH (\u0102n s\u00e1ng, \u0103n tr\u01b0a)<\/strong><\/span><\/h2>\n<p><strong>09h00: <\/strong>\u0110o\u00e0n d\u00f9ng \u0111i\u1ec3m t\u00e2m s\u00e1ng, l\u00e0m th\u1ee7 t\u1ee5c tr\u1ea3 ph\u00f2ng kh\u00e1ch s\u1ea1n.Xe \u0111\u01b0a \u0111o\u00e0n \u0111i tham quan <strong>ch\u1ee3 \u0110\u1ea7m<\/strong> mua s\u1eafm <strong>\u0111\u1eb7c s\u1ea3n Nha Trang t\u1ea1i l\u00e0ng Y\u1ebfn Mai Sinh.<\/strong> (Chi ph\u00ed t\u1ef1 t\u00fac)<\/p>\n<p><strong>12h00: <\/strong>\u0110o\u00e0n d\u00f9ng c\u01a1m tr\u01b0a t\u1ea1i nh\u00e0 h\u00e0ng \u0111\u1ecba ph\u01b0\u01a1ng<\/p>\n<p><strong>19h00:<\/strong> \u0110o\u00e0n v\u1ec1 t\u1edbi S\u00e0i g\u00f2n, k\u1ebf th\u00fac chuy\u1ebfn tham quan, chia tay \u0111o\u00e0n, h\u1eb9n g\u1eb7p l\u1ea1i tr\u00ean m\u1ecdi n\u1ebbo \u0111\u01b0\u1eddng qu\u00ea h\u01b0\u01a1ng!<\/p>\n<p>&nbsp;<\/p>\n<p><strong>GI\u00c1 TOUR BAO G\u1ed2M <\/strong><\/p>\n<ul>\n<li>Xe tham quan ph\u1ee5c v\u1ee5 su\u1ed1t h\u00e0nh tr\u00ecnh<\/li>\n<li>C\u00e1c b\u1eefa \u0103n theo ch\u01b0\u01a1ng tr\u00ecnh<\/li>\n<li>V\u00e9 tham quan c\u00e1c \u0111i\u1ec3m bao g\u1ed3m trong ch\u01b0\u01a1ng tr\u00ecnh<\/li>\n<li>H\u01b0\u1edbng d\u1eabn vi\u00ean nhi\u1ec7t t\u00ecnh, vui v\u1ebb, ph\u1ee5c v\u1ee5 chuy\u00ean nghi\u1ec7p.<\/li>\n<li>B\u1ea3o hi\u1ec3m du l\u1ecbch\u00a0: m\u1ee9c b\u1ed3i th\u01b0\u1eddng 100.000.000 \u0111\/ kh\u00e1ch.<\/li>\n<li>N\u01b0\u1edbc su\u1ed1i (1 chai\/ kh\u00e1ch\/ ng\u00e0y)\u00a0; kh\u0103n l\u1ea1nh (1 c\u00e1i\/ kh\u00e1ch\/ ng\u00e0y).<\/li>\n<li>H\u00f3a \u0111\u01a1n gi\u00e1 tr\u1ecb gia t\u0103ng VAT<\/li>\n<\/ul>\n<p><strong>KH\u00d4NG BAO G\u1ed2M <\/strong><\/p>\n<ul>\n<li>Chi ph\u00ed gi\u1eb7t \u1ee7i, c\u00e1c chi ph\u00ed c\u00e1 nh\u00e2n ph\u00e1t sinh kh\u00e1c.<\/li>\n<li>Ch\u01b0\u01a1ng tr\u00ecnh Gala Dinner\u00a0: S\u00e2n kh\u1ea5u, \u00e2m thanh, \u00e1nh s\u00e1ng, MC, qu\u00e0 t\u1eb7ng game<\/li>\n<li>Ch\u01b0\u01a1ng tr\u00ecnh teambuilding<\/li>\n<li>Su\u1ea5t \u0103n gala dinner.<\/li>\n<li>\u0102n u\u1ed1ng n\u1eb1m ngo\u00e0i ch\u01b0\u01a1ng tr\u00ecnh tour.<\/li>\n<li>Ti\u1ec1n tip cho t\u00e0i x\u1ebf v\u00e0 HDV.<\/li>\n<\/ul>\n<p><strong>QUI \u0110\u1ecaNH TR\u1eba EM <\/strong><\/p>\n<ul>\n<li>Tr\u1ebb em d\u01b0\u1edbi 5 tu\u1ed5i : mi\u1ec5n ph\u00ed (b\u00e9 ng\u1ee7 chung gi\u01b0\u1eddng v\u1edbi B\u1ed1 M\u1eb9).<\/li>\n<li>Tr\u1ebb em t\u1eeb 5 \u0111\u1ebfn d\u01b0\u1edbi 11 tu\u1ed5i: 50% gi\u00e1 c\u1ee7a ng\u01b0\u1eddi l\u1edbn (c\u00f3 gh\u1ebf ng\u1ed3i ri\u00eang; su\u1ea5t \u0103n ng\u1ee7 c\u00f9ng v\u1edbi B\u1ed1 m\u1eb9).<\/li>\n<li>Tr\u1ebb em t\u1eeb 11 tu\u1ed5i tr\u1edf l\u00ean : 100% gi\u00e1 nh\u01b0 ng\u01b0\u1eddi l\u1edbn<\/li>\n<\/ul>\n<p style=\"text-align: center\"><strong>CH\u00daC QU\u00dd KH\u00c1CH M\u1ed8T CHUY\u1ebeN \u0110I VUI V\u1eba!<\/strong><\/p>\n<p>&nbsp;<\/p>\n<p>&nbsp;<\/p>\n<p>&nbsp;<\/p>\n<p>&nbsp;<\/p>\n<p>&nbsp;<\/p>\n","protected":false},"excerpt":{"rendered":"<p>NG\u00c0Y 01: TP.HCM &#8211; NHA TRANG &#8211; TEAMBUIDING (\u0102n s\u00e1ng, \u0103n tr\u01b0a, \u0103n t\u1ed1i) 04h00: Xe v\u00e0 HDV Gotadi \u0111\u00f3n \u0111o\u00e0n t\u1ea1i \u0111i\u1ec3m h\u1eb9n, kh\u1edfi h\u00e0nh \u0111i Nha Trang. \u0110o\u00e0n d\u00f9ng \u0111i\u1ec3m t\u00e2m s\u00e1ng v\u00e0 ti\u1ebfp t\u1ee5c h\u00e0nh tr\u00ecnh \u0111i Nha Trang v\u1edbi c\u00e1c tr\u00f2 ch\u01a1i vui nh\u1ed9n c\u00f3 th\u01b0\u1edfng tr\u00ean xe. 11h30: Qu\u00fd kh\u00e1ch&#8230;<\/p>\n","protected":false},"featured_media":4614,"comment_status":"open","ping_status":"closed","template":"","meta":{"_acf_changed":false},"product_cat":[15,195,197,194,192,183],"product_tag":[],"class_list":{"0":"post-4427","1":"product","2":"type-product","3":"status-publish","4":"has-post-thumbnail","6":"product_cat-tat-ca-tour","7":"product_cat-gala-dinner","8":"product_cat-nha-trang","9":"product_cat-teambuilding","10":"product_cat-tour-tron-goi","11":"product_cat-viet-nam","13":"first","14":"instock","15":"sale","16":"shipping-taxable","17":"purchasable","18":"product-type-simple"},"acf":[],"_links":{"self":[{"href":"https:\/\/www.gotadi.com\/services\/wp-json\/wp\/v2\/product\/4427","targetHints":{"allow":["GET"]}}],"collection":[{"href":"https:\/\/www.gotadi.com\/services\/wp-json\/wp\/v2\/product"}],"about":[{"href":"https:\/\/www.gotadi.com\/services\/wp-json\/wp\/v2\/types\/product"}],"replies":[{"embeddable":true,"href":"https:\/\/www.gotadi.com\/services\/wp-json\/wp\/v2\/comments?post=4427"}],"wp:featuredmedia":[{"embeddable":true,"href":"https:\/\/www.gotadi.com\/services\/wp-json\/wp\/v2\/media\/4614"}],"wp:attachment":[{"href":"https:\/\/www.gotadi.com\/services\/wp-json\/wp\/v2\/media?parent=4427"}],"wp:term":[{"taxonomy":"product_cat","embeddable":true,"href":"https:\/\/www.gotadi.com\/services\/wp-json\/wp\/v2\/product_cat?post=4427"},{"taxonomy":"product_tag","embeddable":true,"href":"https:\/\/www.gotadi.com\/services\/wp-json\/wp\/v2\/product_tag?post=4427"}],"curies":[{"name":"wp","href":"https:\/\/api.w.org\/{rel}","templated":true}]}}