{"id":4437,"date":"2025-02-10T13:18:35","date_gmt":"2025-02-10T06:18:35","guid":{"rendered":"https:\/\/www.gotadi.com\/services\/?post_type=product&#038;p=4437"},"modified":"2026-04-22T01:16:25","modified_gmt":"2026-04-21T18:16:25","slug":"tour-da-lat-3n2d-da-lat-cong-chieng-tay-nguyen-doi-che-cau-dat-puppy-farm-green-hills","status":"publish","type":"product","link":"https:\/\/www.gotadi.com\/services\/tour-da-lat-3n2d-da-lat-cong-chieng-tay-nguyen-doi-che-cau-dat-puppy-farm-green-hills\/","title":{"rendered":"TOUR \u0110\u00c0 L\u1ea0T 3N2\u0110: \u0110\u00c0 L\u1ea0T &#8211; C\u1ed2NG CHI\u00caNG T\u00c2Y NGUY\u00caN &#8211; \u0110\u1ed2I CH\u00c8 C\u1ea6U \u0110\u1ea4T &#8211; PUPPY FARM &#8211; GREEN HILLS"},"content":{"rendered":"<h2 id=\"ngay-01-tp-hcm-da-lat-cong-chieng-tay-nguyen-an-sang-an-trua-an-toi\"><span data-text-color=\"success\"><strong>NG\u00c0Y 01: TP.HCM &#8211; \u0110\u00c0 L\u1ea0T &#8211; C\u1ed2NG CHI\u00caNG T\u00c2Y NGUY\u00caN (\u0102n s\u00e1ng, \u0103n tr\u01b0a, \u0103n t\u1ed1i)<\/strong><\/span><\/h2>\n<p><strong>05h00: <\/strong>Xe v\u00e0 HDV\u202fGOTADI\u202f\u0111\u00f3n Qu\u00fd kh\u00e1ch t\u1ea1i\u202fv\u0103n ph\u00f2ng C\u00f4ng ty. \u0110o\u00e0n b\u1eaft \u0111\u1ea7u kh\u1edfi h\u00e0nh chuy\u1ebfn tham quan \u0110\u00e0 L\u1ea1t<\/p>\n<p><strong>07h00<\/strong><strong>:<\/strong> \u0110o\u00e0n d\u00f9ng \u0111i\u1ec3m t\u00e2m s\u00e1ng t\u1ea1i nh\u00e0 h\u00e0ng Mekong Long Th\u00e0nh. Sau \u0111\u00f3, \u0111o\u00e0n ti\u1ebfp t\u1ee5c l\u1ed9 tr\u00ecnh di chuy\u1ec3n.<\/p>\n<p><strong>12<\/strong><strong>h<\/strong><strong>0<\/strong><strong>0:<\/strong> \u0110o\u00e0n <strong>d\u00f9ng c\u01a1m tr\u01b0a<\/strong> t\u1ea1i nh\u00e0 h\u00e0ng T\u00e2m Ch\u00e2u \u2013 B\u1ea3o L\u1ed9c, sau \u0111\u00f3 ti\u1ebfp t\u1ee5c di chuy\u1ec3n v\u1ec1 kh\u00e1ch s\u1ea1n nh\u1eadn ph\u00f2ng th\u01b0 gi\u00e3n, ngh\u1ec9 ng\u01a1i.<\/p>\n<p><strong>17<\/strong><strong>h<\/strong><strong>0<\/strong><strong>0:<\/strong> \u0110o\u00e0n t\u1eadp trung, xe v\u00e0 HDV \u0111\u00f3n \u0111o\u00e0n di chuy\u1ec3n \u0111\u1ebfn LangBiang <strong>d\u00f9ng b\u1eefa t\u1ed1i<\/strong> t\u1ea1i nh\u00e0 h\u00e0ng Thung l\u0169ng Tr\u0103m N\u0103m.<\/p>\n<p>Sau \u0111\u00f3 \u0111\u1ebfn tham gia <strong>Giao<\/strong> <strong>l\u01b0u v\u0103n ho\u00e1 c\u1ed3ng chi\u00eang \u0110\u00e0 L\u1ea1t<\/strong>. Giao l\u01b0u nh\u1ea3y m\u00faa c\u00f9ng ng\u01b0\u1eddi \u0111\u1ed3ng b\u00e0o v\u00e0 th\u01b0\u1edfng th\u1ee9c r\u01b0\u1ee3u c\u1ea7n, th\u1ecbt n\u01b0\u1edbng.<\/p>\n<p><a href=\"https:\/\/www.gotadi.com\/services\/wp-content\/uploads\/2025\/02\/P1435617-Enhanced-NR-min-min-scaled.jpg\"><img loading=\"lazy\" decoding=\"async\" class=\"alignnone size-large wp-image-4628\" src=\"https:\/\/www.gotadi.com\/services\/wp-content\/uploads\/2025\/02\/P1435617-Enhanced-NR-min-min-1024x683.jpg\" alt=\"\" width=\"1020\" height=\"680\" srcset=\"https:\/\/www.gotadi.com\/services\/wp-content\/uploads\/2025\/02\/P1435617-Enhanced-NR-min-min-1024x683.jpg 1024w, https:\/\/www.gotadi.com\/services\/wp-content\/uploads\/2025\/02\/P1435617-Enhanced-NR-min-min-300x200.jpg 300w, https:\/\/www.gotadi.com\/services\/wp-content\/uploads\/2025\/02\/P1435617-Enhanced-NR-min-min-768x512.jpg 768w, https:\/\/www.gotadi.com\/services\/wp-content\/uploads\/2025\/02\/P1435617-Enhanced-NR-min-min-1536x1024.jpg 1536w, https:\/\/www.gotadi.com\/services\/wp-content\/uploads\/2025\/02\/P1435617-Enhanced-NR-min-min-2048x1365.jpg 2048w, https:\/\/www.gotadi.com\/services\/wp-content\/uploads\/2025\/02\/P1435617-Enhanced-NR-min-min-600x400.jpg 600w\" sizes=\"auto, (max-width: 1020px) 100vw, 1020px\" \/><\/a> <a href=\"https:\/\/www.gotadi.com\/services\/wp-content\/uploads\/2025\/02\/P1435565-Enhanced-NR-min-min-scaled.jpg\"><img loading=\"lazy\" decoding=\"async\" class=\"alignnone size-large wp-image-4629\" src=\"https:\/\/www.gotadi.com\/services\/wp-content\/uploads\/2025\/02\/P1435565-Enhanced-NR-min-min-1024x683.jpg\" alt=\"\" width=\"1020\" height=\"680\" srcset=\"https:\/\/www.gotadi.com\/services\/wp-content\/uploads\/2025\/02\/P1435565-Enhanced-NR-min-min-1024x683.jpg 1024w, https:\/\/www.gotadi.com\/services\/wp-content\/uploads\/2025\/02\/P1435565-Enhanced-NR-min-min-300x200.jpg 300w, https:\/\/www.gotadi.com\/services\/wp-content\/uploads\/2025\/02\/P1435565-Enhanced-NR-min-min-768x512.jpg 768w, https:\/\/www.gotadi.com\/services\/wp-content\/uploads\/2025\/02\/P1435565-Enhanced-NR-min-min-1536x1024.jpg 1536w, https:\/\/www.gotadi.com\/services\/wp-content\/uploads\/2025\/02\/P1435565-Enhanced-NR-min-min-2048x1365.jpg 2048w, https:\/\/www.gotadi.com\/services\/wp-content\/uploads\/2025\/02\/P1435565-Enhanced-NR-min-min-600x400.jpg 600w\" sizes=\"auto, (max-width: 1020px) 100vw, 1020px\" \/><\/a><\/p>\n<p>&nbsp;<\/p>\n<p><strong>20<\/strong><strong>h<\/strong><strong>0<\/strong><strong>0:<\/strong> K\u1ebft th\u00fac ch\u01b0\u01a1ng tr\u00ecnh, xe \u0111\u01b0a \u0111o\u00e0n \u0111\u1ebfn khu v\u1ef1c trung t\u00e2m. \u0110o\u00e0n c\u00f3 th\u1eddi gian t\u1ef1 do tham quan, mua s\u1eafm t\u1ea1i ch\u1ee3 \u0111\u00eam.<\/p>\n<p><strong>21<\/strong><strong>h<\/strong><strong>3<\/strong><strong>0:<\/strong> Xe \u0111\u00f3n \u0111o\u00e0n v\u1ec1 l\u1ea1i kh\u00e1ch s\u1ea1n ngh\u1ec9 ng\u01a1i.<\/p>\n<p>&nbsp;<\/p>\n<h2 id=\"ngay-2-doi-che-cau-dat-puppy-farm-green-hills-an-sang-an-trua-an-toi\"><span data-text-color=\"success\"><strong>NG\u00c0Y 2: \u0110\u1ed2I CH\u00c8 C\u1ea6U \u0110\u1ea4T &#8211; PUPPY FARM &#8211; GREEN HILLS (\u0102n s\u00e1ng, \u0103n tr\u01b0a, \u0103n t\u1ed1i)<\/strong><\/span><\/h2>\n<p><strong>07h00: <\/strong>\u0110o\u00e0n d\u00f9ng s\u00e1ng Buffet t\u1ea1i kh\u00e1ch s\u1ea1n<\/p>\n<p><strong>08h<\/strong><strong>3<\/strong><strong>0:<\/strong> \u0110o\u00e0n t\u1eadp trung, xe v\u00e0 HDV \u0111\u00f3n \u0111o\u00e0n t\u1ea1i s\u1ea3nh kh\u00e1ch s\u1ea1n:<\/p>\n<p>\u0110o\u00e0n tham quan quan <strong>\u0110\u1ed3i Ch\u00e8 C\u1ea7u \u0110\u1ea5t <\/strong>&#8211; N\u01a1i \u0111\u00e2y s\u1edf h\u1eefu nh\u1eefng c\u00e1nh \u0111\u1ed3ng ch\u00e8 xanh b\u00e1t ng\u00e1t, t\u1ecfa ra m\u1ed9t m\u00f9i h\u01b0\u01a1ng v\u00f4 c\u00f9ng d\u1ec5 ch\u1ecbu. \u0110\u1eb7c bi\u1ec7t v\u00e0o nh\u1eefng th\u00e1ng cu\u1ed1i n\u0103m th\u00ec \u0111\u1ed3i ch\u00e8 l\u1ea1i kho\u00e1c l\u00ean m\u00ecnh m\u1ed9t t\u1ea5m xi\u00eam y tuy\u1ec7t \u0111\u1eb9p, nh\u1eefng l\u00e1 ch\u00e8 xanh t\u01b0\u01a1i \u0111i\u1ec3m th\u00eam ch\u00fat s\u1eafc v\u00e0ng c\u1ee7a hoa d\u00e3 qu\u1ef3 t\u1ea1o n\u00ean m\u1ed9t b\u1ee9c tranh m\u00ea ho\u1eb7c l\u00f2ng ng\u01b0\u1eddi.<\/p>\n<p>&nbsp;<\/p>\n<p>\u0110o\u00e0n h\u00e0nh tr\u00ecnh \u0111\u1ebfn v\u1edbi <strong>N\u00f4ng Tr\u1ea1i C\u00fan Puppy Farm<\/strong>: N\u01a1i \u0111\u00e2y \u0111\u01b0\u1ee3c xem nh\u01b0 l\u00e0 m\u1ed9t trang tr\u1ea1i t\u1ed5ng h\u1ee3p v\u1edbi r\u1ea5t nhi\u1ec1u t\u1ed5 h\u1ee3p c\u00e1c lo\u1ea1i h\u00ecnh du l\u1ecbch kh\u00e1c nhau. \u0110\u1ebfn v\u1edbi Puppy Farm qu\u00fd kh\u00e1ch s\u1ebd \u0111\u01b0\u1ee3c ng\u1eafm nh\u00ecn nh\u1eefng ch\u00fa ch\u00f3 xinh v\u1edbi h\u01a1n 36 lo\u1ea1i gi\u1ed1ng ch\u00f3 qu\u00fd hi\u1ebfm n\u1ed5i b\u1eadt nh\u01b0 l\u00e0: C\u00fan Corgi, C\u00fan Alaska, C\u00fan Husky v\u00e0 m\u1ed9t s\u1ed1 lo\u00e0i \u0111\u1ed9ng v\u1eadt \u0111\u00e1ng y\u00eau nh\u01b0 th\u1ecf, ng\u1ef1a l\u00f9n, l\u1ea1c \u0111\u00e0\u2026<\/p>\n<p><strong>1<\/strong><strong>2<\/strong><strong>h<\/strong><strong>0<\/strong><strong>0:<\/strong> \u0110o\u00e0n \u0111\u1ebfn <strong>d\u00f9ng c\u01a1m tr\u01b0a<\/strong> t\u1ea1i nh\u00e0 h\u00e0ng. Sau \u0111\u00f3, \u0111o\u00e0n di chuy\u1ec3n v\u1ec1 kh\u00e1ch s\u1ea1n ngh\u1ec9 ng\u01a1i.<\/p>\n<p><strong>15h30: <\/strong>Tham quan <strong>Green Hills (c\u1ed5ng tr\u1eddi Bali)<\/strong>: \u0110\u01b0\u1ee3c l\u1ea5y c\u1ea3m h\u1ee9ng t\u1eeb ng\u00f4i \u0111\u1ec1n n\u1ed5i ti\u1ebfng Pura Lempuyang Luhur c\u1ee7a Indonesia. Green Hills nh\u01b0 c\u00e1nh c\u1eeda \u0111\u1ec3 \u0111\u1ebfn v\u1edbi ch\u1ed1n ti\u00ean c\u1ea3nh, n\u1eb1m \u1ea9n m\u00ecnh sau c\u00e1nh r\u1eebng th\u00f4ng b\u1ea1t ng\u00e0n h\u1ee9a h\u1eb9n s\u1ebd mang \u0111\u1ebfn nh\u1eefng b\u1ee9c h\u00ecnh lung linh. \u0110\u1eb7c bi\u1ec7t, n\u01a1i \u0111\u00e2y c\u00f2n cho thu\u00ea trang ph\u1ee5c v\u00e0 c\u00f3 d\u1ecbch v\u1ee5 ch\u1ee5p h\u00ecnh (chi ph\u00ed thu\u00ea trang ph\u1ee5c t\u1ef1 t\u00fac).<\/p>\n<p><a href=\"https:\/\/www.gotadi.com\/services\/wp-content\/uploads\/2025\/02\/cong-troi-bali-da-lat-4.jpg\"><img loading=\"lazy\" decoding=\"async\" class=\"alignnone size-large wp-image-4630\" src=\"https:\/\/www.gotadi.com\/services\/wp-content\/uploads\/2025\/02\/cong-troi-bali-da-lat-4-1024x768.jpg\" alt=\"\" width=\"1020\" height=\"765\" srcset=\"https:\/\/www.gotadi.com\/services\/wp-content\/uploads\/2025\/02\/cong-troi-bali-da-lat-4-1024x768.jpg 1024w, https:\/\/www.gotadi.com\/services\/wp-content\/uploads\/2025\/02\/cong-troi-bali-da-lat-4-300x225.jpg 300w, https:\/\/www.gotadi.com\/services\/wp-content\/uploads\/2025\/02\/cong-troi-bali-da-lat-4-768x576.jpg 768w, https:\/\/www.gotadi.com\/services\/wp-content\/uploads\/2025\/02\/cong-troi-bali-da-lat-4-1536x1152.jpg 1536w, https:\/\/www.gotadi.com\/services\/wp-content\/uploads\/2025\/02\/cong-troi-bali-da-lat-4-600x450.jpg 600w, https:\/\/www.gotadi.com\/services\/wp-content\/uploads\/2025\/02\/cong-troi-bali-da-lat-4.jpg 2048w\" sizes=\"auto, (max-width: 1020px) 100vw, 1020px\" \/><\/a><\/p>\n<p><strong>18h00: <\/strong>\u0110\u00f3n kh\u00e1ch d\u00f9ng b\u1eefa t\u1ed1i t\u1ea1i nh\u00e0 h\u00e0ng \u0111\u1ecba ph\u01b0\u01a1ng, sau \u0111\u00f3 qu\u00fd kh\u00e1ch v\u1ec1 kh\u00e1ch s\u1ea1n ngh\u1ec9 ng\u01a1i v\u00e0 t\u1ef1 do tham quan th\u00e0nh ph\u1ed1 \u0110\u00e0 L\u1ea1t v\u1ec1 \u0111\u00eam.<\/p>\n<p>&nbsp;<\/p>\n<h2 id=\"ngay-3-da-lat-tp-ho-chi-minh-an-sang-an-trua\"><span data-text-color=\"success\"><strong>NG\u00c0Y 3: \u0110\u00c0 L\u1ea0T \u2013 TP.H\u1ed2 CH\u00cd MINH (\u0102n s\u00e1ng, \u0103n tr\u01b0a)<\/strong><\/span><\/h2>\n<p><strong>07h00:<\/strong> \u0110o\u00e0n d\u00f9ng b\u1eefa s\u00e1ng Buffet t\u1ea1i kh\u00e1ch s\u1ea1n v\u00e0 ngh\u1ec9 ng\u01a1i t\u1ea1i kh\u00e1ch s\u1ea1n ho\u1eb7c t\u1ef1 do kh\u00e1m ph\u00e1 v\u00e0 mua s\u1eafm t\u1ea1i \u0110\u00e0 L\u1ea1t.<\/p>\n<p><strong>1<\/strong><strong>1<\/strong><strong>h30:<\/strong> \u0110o\u00e0n thu d\u1ecdn h\u00e0nh l\u00fd, l\u00e0m th\u1ee7 t\u1ee5c tr\u1ea3 ph\u00f2ng.<\/p>\n<p><strong>1<\/strong><strong>2<\/strong><strong>h<\/strong><strong>0<\/strong><strong>0:<\/strong> \u0110o\u00e0n di chuy\u1ec3n \u0111\u1ebfn <strong>d\u00f9ng c\u01a1m tr\u01b0a<\/strong> t\u1ea1i nh\u00e0 h\u00e0ng Dalat House. Sau \u0111\u00f3, \u0111o\u00e0n chia tay TP. \u0110\u00e0 L\u1ea1t, kh\u1edfi h\u00e0nh v\u1ec1 l\u1ea1i TP. H\u1ed3 Ch\u00ed Minh.<\/p>\n<p><strong>18h30<\/strong><strong>:<\/strong> Tr\u00ean \u0111\u01b0\u1eddng v\u1ec1, \u0111o\u00e0n d\u1eebng ch\u00e2n ngh\u1ec9 ng\u01a1i v\u00e0 <strong>d\u00f9ng b\u1eefa t\u1ed1i <\/strong>t\u1ea1i nh\u00e0 h\u00e0ng <strong>Mu\u00f4ng Xanh \u2013 Madagui<\/strong><\/p>\n<p><strong>21<\/strong><strong>h<\/strong><strong>0<\/strong><strong>0:<\/strong> \u0110o\u00e0n v\u1ec1 \u0111\u1ebfn \u0111i\u1ec3m h\u1eb9n ban \u0111\u1ea7u, k\u1ebft th\u00fac chuy\u1ebfn H\u00e0nh tr\u00ecnh v\u1ec1 ngu\u1ed3n t\u1ea1i <strong>\u0110\u00e0 L\u1ea1t 3 Ng\u00e0y 2 \u0110\u00eam<\/strong> t\u1ed1t \u0111\u1eb9p.<\/p>\n<p>&nbsp;<\/p>\n<p><strong>GI\u00c1 TOUR BAO G\u1ed2M <\/strong><\/p>\n<ul>\n<li>Xe tham quan ph\u1ee5c v\u1ee5 su\u1ed1t h\u00e0nh tr\u00ecnh<\/li>\n<li>C\u00e1c b\u1eefa \u0103n theo ch\u01b0\u01a1ng tr\u00ecnh<\/li>\n<li>V\u00e9 tham quan c\u00e1c \u0111i\u1ec3m bao g\u1ed3m trong ch\u01b0\u01a1ng tr\u00ecnh<\/li>\n<li>H\u01b0\u1edbng d\u1eabn vi\u00ean nhi\u1ec7t t\u00ecnh, vui v\u1ebb, ph\u1ee5c v\u1ee5 chuy\u00ean nghi\u1ec7p.<\/li>\n<li>B\u1ea3o hi\u1ec3m du l\u1ecbch\u00a0: m\u1ee9c b\u1ed3i th\u01b0\u1eddng 100.000.000 \u0111\/ kh\u00e1ch.<\/li>\n<li>N\u01b0\u1edbc su\u1ed1i (1 chai\/ kh\u00e1ch\/ ng\u00e0y)\u00a0; kh\u0103n l\u1ea1nh (1 c\u00e1i\/ kh\u00e1ch\/ ng\u00e0y).<\/li>\n<li>H\u00f3a \u0111\u01a1n gi\u00e1 tr\u1ecb gia t\u0103ng VAT<\/li>\n<\/ul>\n<p><strong>KH\u00d4NG BAO G\u1ed2M <\/strong><\/p>\n<ul>\n<li>Chi ph\u00ed gi\u1eb7t \u1ee7i, c\u00e1c chi ph\u00ed c\u00e1 nh\u00e2n ph\u00e1t sinh kh\u00e1c.<\/li>\n<li>Ch\u01b0\u01a1ng tr\u00ecnh Gala Dinner\u00a0: S\u00e2n kh\u1ea5u, \u00e2m thanh, \u00e1nh s\u00e1ng, MC, qu\u00e0 t\u1eb7ng game<\/li>\n<li>Ch\u01b0\u01a1ng tr\u00ecnh teambuilding<\/li>\n<li>Su\u1ea5t \u0103n gala dinner.<\/li>\n<li>\u0102n u\u1ed1ng n\u1eb1m ngo\u00e0i ch\u01b0\u01a1ng tr\u00ecnh tour.<\/li>\n<li>Ti\u1ec1n tip cho t\u00e0i x\u1ebf v\u00e0 HDV.<\/li>\n<\/ul>\n<p><strong>QUY \u0110\u1ecaNH TR\u1eba EM <\/strong><\/p>\n<ul>\n<li>Tr\u1ebb em d\u01b0\u1edbi 5 tu\u1ed5i : mi\u1ec5n ph\u00ed (b\u00e9 ng\u1ee7 chung gi\u01b0\u1eddng v\u1edbi B\u1ed1 M\u1eb9).<\/li>\n<li>Tr\u1ebb em t\u1eeb 5 \u0111\u1ebfn d\u01b0\u1edbi 11 tu\u1ed5i: 50% gi\u00e1 c\u1ee7a ng\u01b0\u1eddi l\u1edbn (c\u00f3 gh\u1ebf ng\u1ed3i ri\u00eang; su\u1ea5t \u0103n ng\u1ee7 c\u00f9ng v\u1edbi B\u1ed1 m\u1eb9).<\/li>\n<li>Tr\u1ebb em t\u1eeb 11 tu\u1ed5i tr\u1edf l\u00ean : 100% gi\u00e1 nh\u01b0 ng\u01b0\u1eddi l\u1edbn<\/li>\n<\/ul>\n<p style=\"text-align: center\"><strong>CH\u00daC QU\u00dd KH\u00c1CH M\u1ed8T CHUY\u1ebeN \u0110I VUI V\u1eba!<\/strong><\/p>\n<p>&nbsp;<\/p>\n<p>&nbsp;<\/p>\n<p>&nbsp;<\/p>\n<p>&nbsp;<\/p>\n<p>&nbsp;<\/p>\n","protected":false},"excerpt":{"rendered":"<p>NG\u00c0Y 01: TP.HCM &#8211; \u0110\u00c0 L\u1ea0T &#8211; C\u1ed2NG CHI\u00caNG T\u00c2Y NGUY\u00caN (\u0102n s\u00e1ng, \u0103n tr\u01b0a, \u0103n t\u1ed1i) 05h00: Xe v\u00e0 HDV\u202fGOTADI\u202f\u0111\u00f3n Qu\u00fd kh\u00e1ch t\u1ea1i\u202fv\u0103n ph\u00f2ng C\u00f4ng ty. \u0110o\u00e0n b\u1eaft \u0111\u1ea7u kh\u1edfi h\u00e0nh chuy\u1ebfn tham quan \u0110\u00e0 L\u1ea1t 07h00: \u0110o\u00e0n d\u00f9ng \u0111i\u1ec3m t\u00e2m s\u00e1ng t\u1ea1i nh\u00e0 h\u00e0ng Mekong Long Th\u00e0nh. Sau \u0111\u00f3, \u0111o\u00e0n ti\u1ebfp t\u1ee5c l\u1ed9&#8230;<\/p>\n","protected":false},"featured_media":4439,"comment_status":"open","ping_status":"closed","template":"","meta":{"_acf_changed":false},"product_cat":[198,192,183],"product_tag":[],"class_list":{"0":"post-4437","1":"product","2":"type-product","3":"status-publish","4":"has-post-thumbnail","6":"product_cat-da-lat","7":"product_cat-tour-tron-goi","8":"product_cat-viet-nam","10":"first","11":"instock","12":"sale","13":"shipping-taxable","14":"purchasable","15":"product-type-simple"},"acf":[],"_links":{"self":[{"href":"https:\/\/www.gotadi.com\/services\/wp-json\/wp\/v2\/product\/4437","targetHints":{"allow":["GET"]}}],"collection":[{"href":"https:\/\/www.gotadi.com\/services\/wp-json\/wp\/v2\/product"}],"about":[{"href":"https:\/\/www.gotadi.com\/services\/wp-json\/wp\/v2\/types\/product"}],"replies":[{"embeddable":true,"href":"https:\/\/www.gotadi.com\/services\/wp-json\/wp\/v2\/comments?post=4437"}],"wp:featuredmedia":[{"embeddable":true,"href":"https:\/\/www.gotadi.com\/services\/wp-json\/wp\/v2\/media\/4439"}],"wp:attachment":[{"href":"https:\/\/www.gotadi.com\/services\/wp-json\/wp\/v2\/media?parent=4437"}],"wp:term":[{"taxonomy":"product_cat","embeddable":true,"href":"https:\/\/www.gotadi.com\/services\/wp-json\/wp\/v2\/product_cat?post=4437"},{"taxonomy":"product_tag","embeddable":true,"href":"https:\/\/www.gotadi.com\/services\/wp-json\/wp\/v2\/product_tag?post=4437"}],"curies":[{"name":"wp","href":"https:\/\/api.w.org\/{rel}","templated":true}]}}