{"id":4451,"date":"2025-02-11T15:54:48","date_gmt":"2025-02-11T08:54:48","guid":{"rendered":"https:\/\/www.gotadi.com\/services\/?post_type=product&#038;p=4451"},"modified":"2026-04-22T00:11:31","modified_gmt":"2026-04-21T17:11:31","slug":"tour-sai-gon-ninh-chu-teambuilding-gala-dinner","status":"publish","type":"product","link":"https:\/\/www.gotadi.com\/services\/tour-sai-gon-ninh-chu-teambuilding-gala-dinner\/","title":{"rendered":"TOUR S\u00c0I G\u00d2N \u2013 NINH CH\u1eec &#8211; TEAMBUILDING &#8211; GALA DINNER"},"content":{"rendered":"<h2 id=\"ngay-1-sai-gon-ninh-chu-an-3-bua\"><span data-text-color=\"success\"><strong>NG\u00c0Y 1: S\u00c0I G\u00d2N \u2013 <\/strong><strong>NINH CH\u1eec<\/strong><strong>\u00a0 <\/strong><strong><em>(\u0102n 3 b\u1eefa)<\/em><\/strong><\/span><\/h2>\n<p><strong>06h00<\/strong>: HDV \u0111\u00f3n \u0111o\u00e0n t\u1ea1i \u0111i\u1ec3m h\u1eb9n<\/p>\n<p><strong>07h30<\/strong>: \u0110o\u00e0n d\u1eebng ch\u00e2n, d\u00f9ng \u0111i\u1ec3m t\u00e2m s\u00e1ng t\u1ea1i nh\u00e0 h\u00e0ng v\u1edbi c\u00e1c m\u00f3n \u0103n truy\u1ec1n th\u1ed1ng.<\/p>\n<p><strong>09h00<\/strong>: \u0110o\u00e0n ti\u1ebfp t\u1ee5c di chuy\u1ec3n \u0111\u1ebfn. Tr\u00ean \u0111\u01b0\u1eddng \u0111i, Qu\u00fd kh\u00e1ch s\u1ebd c\u00f9ng h\u01b0\u1edbng d\u1eabn vi\u00ean tham gia c\u00e1c tr\u00f2 ch\u01a1i ho\u1ea1t n\u00e1o, vui nh\u1ed9n.<\/p>\n<p><strong>11h30<\/strong>:\u00a0\u0110o\u00e0n d\u00f9ng c\u01a1m tr\u01b0a t\u1ea1i nh\u00e0 h\u00e0ng v\u1edbi c\u00e1c m\u00f3n \u0103n \u0111\u1eadm \u0111\u00e0 h\u01b0\u01a1ng v\u1ecb mi\u1ec1n bi\u1ec3n.<\/p>\n<p><strong>14h00<\/strong>: \u0110o\u00e0n \u0111\u1ebfn Ninh Ch\u1eef, Qu\u00fd kh\u00e1ch nh\u1eadn ph\u00f2ng kh\u00e1ch s\u1ea1n ho\u1eb7c resort v\u00e0 ngh\u1ec9 ng\u01a1i sau th\u1eddi gian di chuy\u1ec3n t\u1eeb S\u00e0i G\u00f2n.<\/p>\n<p><strong>15h00<\/strong>: L\u00e0ng M\u00f4ng C\u1ed5 \u2013 \u0110\u1ed3ng c\u1eebu tr\u00ean th\u1ea3o nguy\u00ean xanh<\/p>\n<p>Xe v\u00e0 h\u01b0\u1edbng d\u1eabn vi\u00ean \u0111\u01b0a Qu\u00fd kh\u00e1ch tham quan <strong>l\u00e0ng m\u00f4ng c\u1ed5 Tanyoli<\/strong>. Khi \u0111\u1ebfn Tanyoli, Qu\u00fd kh\u00e1ch s\u1ebd ng\u1ea1c nhi\u00ean tr\u01b0\u1edbc m\u00f3n qu\u00e0 thi\u00ean nhi\u00ean d\u00e0nh cho n\u01a1i \u0111\u00e2y. V\u1edbi khung c\u1ea3nh hoang s\u01a1, th\u01a1 m\u1ed9ng v\u00e0 \u0111\u01b0\u1ee3c kho\u00e1c l\u00ean m\u00ecnh d\u1ea3i c\u00e1t m\u1ecbn v\u00e0ng \u00f3ng \u0111\u01b0\u1ee3c tr\u1ea3i d\u00e0i v\u00f4 t\u1eadn s\u1ebd l\u00e0m cho Qu\u00fd kh\u00e1ch t\u01b0\u1edfng nh\u01b0 ch\u1ec9 \u0111\u01b0\u1ee3c th\u1ea5y qua m\u00e0n \u1ea3nh nh\u1ecf.<\/p>\n<p>\u0110\u1eb7c bi\u1ec7t nh\u1ea5t, \u0111\u00e2y l\u00e0 khu du l\u1ecbch \u0111\u1ea7u ti\u00ean v\u00e0 duy nh\u1ea5t t\u1ea1i Vi\u1ec7t Nam m\u00f4 ph\u1ecfng cu\u1ed9c s\u1ed1ng du m\u1ee5c c\u1ee7a ng\u01b0\u1eddi M\u00f4ng C\u1ed5.<\/p>\n<p>&nbsp;<\/p>\n<p><strong>16h30<\/strong>: \u0110\u1ed3i c\u00e1t Nam C\u01b0\u01a1ng \u2013 Thi\u00ean \u0111\u01b0\u1eddng s\u1ed1ng \u1ea3o c\u1ee7a gi\u1edbi tr\u1ebb<\/p>\n<p>R\u1eddi l\u00e0ng m\u00f4ng c\u1ed5 Tanyoli, \u0111\u1ed3i c\u00e1t Nam C\u01b0\u01a1ng l\u00e0 \u0111i\u1ec3m \u0111\u1ebfn ti\u1ebfp theo trong h\u00e0nh tr\u00ecnh. Nh\u1edd s\u1edf h\u1eefu v\u1ebb \u0111\u1eb9p \u0111\u1ed9c \u0111\u00e1o, k\u1ef3 v\u0129 do \u201cm\u1eb9\u201d thi\u00ean nhi\u00ean ban t\u1eb7ng m\u00e0 \u0111\u1ed3i c\u00e1t Nam C\u01b0\u01a1ng trong nh\u1eefng n\u0103m g\u1ea7n \u0111\u00e2y \u0111\u00e3 tr\u1edf th\u00e0nh m\u1ed9t \u0111i\u1ec3m \u0111\u1ebfn n\u1ed5i ti\u1ebfng thu h\u00fat h\u00e0ng tri\u1ec7u b\u01b0\u1edbc ch\u00e2n du kh\u00e1ch.<\/p>\n<p>\u0110\u1ebfn n\u01a1i \u0111\u00e2y, Qu\u00fd kh\u00e1ch s\u1ebd ng\u1ea1c nhi\u00ean tr\u01b0\u1edbc khung c\u1ea3nh nh\u01b0 trong phim \u1edf x\u1ee9 T\u00e2y T\u1ea1ng v\u1edbi nh\u1eefng tri\u1ec1n c\u00e1t d\u00e0i b\u1ea5t t\u1eadn, x\u1ebfp ch\u1ed3ng l\u00ean nhau.<\/p>\n<p><strong>18h00<\/strong>: \u0110o\u00e0n d\u00f9ng c\u01a1m t\u1ed1i t\u1ea1i nh\u00e0 h\u00e0ng \u0111\u1ecba Ph\u01b0\u01a1ng.<\/p>\n<p><strong>20h00<\/strong>: \u0110o\u00e0n v\u1ec1 l\u1ea1i resort ngh\u1ec9 ng\u01a1i \u0111\u1ec3 l\u1ea5y l\u1ea1i s\u1ee9c chu\u1ea9n b\u1ecb cho h\u00e0nh tr\u00ecnh v\u00f4 c\u00f9ng th\u00fa v\u1ecb c\u1ee7a ng\u00e0y ti\u1ebfp theo.<\/p>\n<p>&nbsp;<\/p>\n<h2 id=\"ngay-2-vinh-hy-teambuilding-gala-an-3-bua\"><span data-text-color=\"success\"><strong>NG\u00c0Y 2:<\/strong>\u00a0 <strong>V\u0128NH HY &#8211; TEAMBUILDING &#8211; GALA\u00a0 <\/strong><strong><em>(\u0102n <\/em><\/strong><strong><em>3<\/em><\/strong><strong><em> b\u1eefa)<\/em><\/strong><\/span><\/h2>\n<p><strong>07h00<\/strong>: \u0110o\u00e0n d\u00f9ng \u0111i\u1ec3m t\u00e2m s\u00e1ng v\u1edbi t\u1ea1i resort.<\/p>\n<p><strong>08h00:<\/strong> \u0110o\u00e0n tham quan <strong>Hang R\u00e1i<\/strong><\/p>\n<p>V\u1edbi v\u1ebb \u0111\u1eb9p g\u1ea7n nh\u01b0 ti\u00ean c\u1ea3nh, Hang R\u00e1i mang \u0111\u1ebfn cho du kh\u00e1ch c\u1ea3m gi\u00e1c nh\u01b0 l\u1ea1c v\u00e0o th\u1ebf gi\u1edbi c\u1ee7a nh\u1eefng c\u00e2u chuy\u1ec7n c\u1ed5 t\u00edch. \u0110\u1ebfn Hang R\u00e1i, Qu\u00fd kh\u00e1ch \u0111\u01b0\u1ee3c chi\u00eam ng\u01b0\u1ee1ng v\u1ebb \u0111\u1eb9p ng\u1ee1 ng\u00e0ng c\u1ee7a b\u00e3i \u0111\u00e1 san h\u00f4 c\u1ed5 \u2013 \u0111\u01b0\u1ee3c v\u00ed nh\u01b0 \u201cSao H\u1ecfa\u201d \u1edf bi\u1ec3n c\u1ea3.<\/p>\n<p>H\u00e3y h\u00f2a m\u00ecnh v\u00e0o v\u1ebb \u0111\u1eb9p t\u1ef1 nhi\u00ean c\u00f9ng c\u1ea3m gi\u00e1c h\u1ed3i h\u1ed9p pha ch\u00fat phi\u00eau l\u01b0u khi s\u00f3ng v\u1ed7 v\u00e0 \u0111\u1eebng qu\u00ean ch\u1ee5p cho m\u00ecnh nh\u1eefng b\u1ee9c h\u00ecnh tuy\u1ec7t \u0111\u1eb9p n\u01a1i \u0111\u00e2y nh\u00e9.<\/p>\n<p><a href=\"https:\/\/www.gotadi.com\/services\/wp-content\/uploads\/2025\/02\/AK603048-scaled.jpg\"><img loading=\"lazy\" decoding=\"async\" class=\"alignnone size-large wp-image-4632\" src=\"https:\/\/www.gotadi.com\/services\/wp-content\/uploads\/2025\/02\/AK603048-1024x683.jpg\" alt=\"\" width=\"1020\" height=\"680\" srcset=\"https:\/\/www.gotadi.com\/services\/wp-content\/uploads\/2025\/02\/AK603048-1024x683.jpg 1024w, https:\/\/www.gotadi.com\/services\/wp-content\/uploads\/2025\/02\/AK603048-300x200.jpg 300w, https:\/\/www.gotadi.com\/services\/wp-content\/uploads\/2025\/02\/AK603048-768x512.jpg 768w, https:\/\/www.gotadi.com\/services\/wp-content\/uploads\/2025\/02\/AK603048-1536x1024.jpg 1536w, https:\/\/www.gotadi.com\/services\/wp-content\/uploads\/2025\/02\/AK603048-2048x1365.jpg 2048w, https:\/\/www.gotadi.com\/services\/wp-content\/uploads\/2025\/02\/AK603048-600x400.jpg 600w\" sizes=\"auto, (max-width: 1020px) 100vw, 1020px\" \/><\/a><\/p>\n<p><strong>08h30:<\/strong> \u0110o\u00e0n kh\u1edfi h\u00e0nh tham quan <strong>v\u1ecbnh V\u0129nh Hy<\/strong>, \u0111\u01b0\u1ee3c \u0111\u00e1nh gi\u00e1 l\u00e0 1 trong 4 v\u1ecbnh \u0111\u1eb9p nh\u1ea5t c\u1ee7a Vi\u1ec7t Nam. V\u00ec v\u1eady, \u1eaft h\u1eb3n n\u01a1i \u0111\u00e2y l\u00e0 \u0111i\u1ec3m \u0111\u1ebfn kh\u00f4ng th\u1ec3 b\u1ecf qua trong h\u00e0nh tr\u00ecnh tour Ninh Ch\u1eef V\u0129nh Hy l\u1ea7n n\u00e0y.<\/p>\n<p><a href=\"https:\/\/www.gotadi.com\/services\/wp-content\/uploads\/2025\/02\/AK603314-scaled.jpg\"><img loading=\"lazy\" decoding=\"async\" class=\"alignnone size-large wp-image-4631\" src=\"https:\/\/www.gotadi.com\/services\/wp-content\/uploads\/2025\/02\/AK603314-1024x683.jpg\" alt=\"\" width=\"1020\" height=\"680\" srcset=\"https:\/\/www.gotadi.com\/services\/wp-content\/uploads\/2025\/02\/AK603314-1024x683.jpg 1024w, https:\/\/www.gotadi.com\/services\/wp-content\/uploads\/2025\/02\/AK603314-300x200.jpg 300w, https:\/\/www.gotadi.com\/services\/wp-content\/uploads\/2025\/02\/AK603314-768x512.jpg 768w, https:\/\/www.gotadi.com\/services\/wp-content\/uploads\/2025\/02\/AK603314-1536x1024.jpg 1536w, https:\/\/www.gotadi.com\/services\/wp-content\/uploads\/2025\/02\/AK603314-2048x1365.jpg 2048w, https:\/\/www.gotadi.com\/services\/wp-content\/uploads\/2025\/02\/AK603314-600x400.jpg 600w\" sizes=\"auto, (max-width: 1020px) 100vw, 1020px\" \/><\/a><\/p>\n<p>Tr\u00ean \u0111\u01b0\u1eddng \u0111i, Qu\u00fd kh\u00e1ch \u0111\u01b0\u1ee3c th\u01b0\u1edfng ngo\u1ea1n v\u1ebb \u0111\u1eb9p hoang s\u01a1 c\u1ee7a Khu b\u1ea3o t\u1ed3n thi\u00ean nhi\u00ean N\u00fai Ch\u00faa v\u00e0 c\u1ea3nh \u201ctr\u1eafng x\u00f3a\u201d m\u1ed9t v\u00f9ng c\u1ee7a ru\u1ed9ng mu\u1ed1i Ninh H\u1ea3i.<\/p>\n<p><strong>09h00<\/strong>: \u0110o\u00e0n \u0111\u1ebfn v\u1ecbnh V\u0129nh Hy, <strong>Qu\u00fd kh\u00e1ch s\u1ebd ng\u1ed3i tr\u00ean t\u00e0u \u0111\u00e1y k\u00ednh \u0111\u1ec3 tham quan V\u1ecbnh V\u0129nh Hy v\u00e0 ng\u1eafm san h\u00f4. T\u00e0u \u0111\u00e1y k\u00ednh l\u00e0 lo\u1ea1i t\u00e0u du l\u1ecbch \u0111\u01b0\u1ee3c thi\u1ebft k\u1ebf v\u1edbi \u0111\u00e1y t\u00e0u \u0111\u01b0\u1ee3c l\u00e0m b\u1eb1ng k\u00ednh c\u01b0\u1eddng l\u1ef1c trong su\u1ed1t gi\u00fap du kh\u00e1ch c\u00f3 th\u1ec3 quan s\u00e1t k\u1ef9 l\u01b0\u1ee1ng l\u00f2ng bi\u1ec3n ngay d\u01b0\u1edbi ch\u00e2n c\u1ee7a m\u00ecnh.<\/strong><\/p>\n<p>Tr\u00ean h\u00e0nh tr\u00ecnh ra ngo\u00e0i v\u1ecbnh, Qu\u00fd kh\u00e1ch s\u1ebd \u0111\u01b0\u1ee3c h\u00f2a m\u00ecnh v\u00e0o kh\u00f4ng gian tho\u00e1ng \u0111\u00e3ng n\u01a1i bi\u1ec3n tr\u1eddi tr\u00f9ng m\u1ed9t m\u00e0u v\u1edbi c\u1ea3nh n\u00fai non h\u00f9ng v\u0129. Tr\u00ean \u0111\u01b0\u1eddng \u0111i, h\u01b0\u1edbng d\u1eabn vi\u00ean gi\u1edbi thi\u1ec7u v\u1ec1 nh\u1eefng danh lam th\u1eafng c\u1ea3nh \u1ea5n t\u01b0\u1ee3ng nh\u01b0: M\u0169i C\u00e1 Heo, h\u00f2n R\u00f9a, hang Y\u1ebfn, b\u00e3i C\u00f3c\u2026<\/p>\n<p>Sau kho\u1ea3ng 20 ph\u00fat ng\u1ed3i t\u00e0u, Qu\u00fd kh\u00e1ch \u0111\u00e3 \u0111\u1ebfn v\u00f9ng bi\u1ec3n c\u00f3 nh\u1eefng r\u1ea1n san h\u00f4 \u0111\u1ee7 m\u00e0u s\u1eafc t\u1ef1a nh\u01b0 nh\u1eefng c\u00e1nh hoa d\u01b0\u1edbi l\u00f2ng \u0111\u1ea1i d\u01b0\u01a1ng. \u0110\u1ebfn n\u01a1i, t\u00e0u s\u1ebd d\u1eebng l\u1ea1i \u0111\u1ec3 Qu\u00fd kh\u00e1ch t\u1eadn h\u01b0\u1edfng khung c\u1ea3nh tuy\u1ec7t \u0111\u1eb9p c\u1ee7a th\u1ebf gi\u1edbi san h\u00f4, v\u1edbi v\u00f4 s\u1ed1 \u0111\u00e0n c\u00e1 nh\u1ecf l\u01b0\u1ee3n quanh.<\/p>\n<p><strong>11h30<\/strong>: \u0110o\u00e0n d\u00f9ng c\u01a1m tr\u01b0a t\u1ea1i nh\u00e0 h\u00e0ng \u0111\u1ecba ph\u01b0\u01a1ng v\u1edbi c\u00e1c m\u00f3n \u0103n \u0111\u1eadm ch\u1ea5t h\u01b0\u01a1ng v\u1ecb mi\u1ec1n bi\u1ec3n.<\/p>\n<p><strong>13h00<\/strong>: T\u1ea1m bi\u1ec7t v\u1ecbnh V\u0129nh Hy, \u0111o\u00e0n v\u1ec1 l\u1ea1i resort \u0111\u1ec3 ngh\u1ec9 ng\u01a1i.<\/p>\n<p><strong>14h00<\/strong>: Tham gia ch\u01b0\u01a1ng tr\u00ecnh t\u1ed5 ch\u1ee9c <strong>Teambuilding<\/strong> t\u1ea1i b\u00e3i bi\u1ec3n &#8220;\u0110O\u00c0N K\u1ebeT L\u00c0 S\u1ee8C M\u1ea0NH&#8221; (Ch\u01b0\u01a1ng tr\u00ecnh chi ti\u1ebft s\u1ebd g\u1edfi sau, \u0111\u1ecba \u0111i\u1ec3m t\u1ed5 ch\u1ee9c Team building c\u00f3 th\u1ec3 thay \u0111\u1ed5i t\u00f9y theo y\u00eau c\u1ea7u c\u1ee7a \u0110o\u00e0n)<\/p>\n<p><a href=\"https:\/\/www.gotadi.com\/services\/wp-content\/uploads\/2025\/02\/team-1.jpg\"><img loading=\"lazy\" decoding=\"async\" class=\"alignnone size-full wp-image-4622\" src=\"https:\/\/www.gotadi.com\/services\/wp-content\/uploads\/2025\/02\/team-1.jpg\" alt=\"\" width=\"1024\" height=\"683\" srcset=\"https:\/\/www.gotadi.com\/services\/wp-content\/uploads\/2025\/02\/team-1.jpg 1024w, https:\/\/www.gotadi.com\/services\/wp-content\/uploads\/2025\/02\/team-1-300x200.jpg 300w, https:\/\/www.gotadi.com\/services\/wp-content\/uploads\/2025\/02\/team-1-768x512.jpg 768w, https:\/\/www.gotadi.com\/services\/wp-content\/uploads\/2025\/02\/team-1-600x400.jpg 600w\" sizes=\"auto, (max-width: 1024px) 100vw, 1024px\" \/><\/a><\/p>\n<p><strong>18h00<\/strong>: \u0110o\u00e0n d\u00f9ng b\u1eefa c\u01a1m t\u1ed1i, tham gia ch\u01b0\u01a1ng tr\u00ecnh Gala dinner<\/p>\n<p>B\u1eaft \u0111\u1ea7u ch\u01b0\u01a1ng tr\u00ecnh Gala Dinner &#8221; We are one &#8211; We are Family&#8221; v\u1edbi \u0111\u00eam nh\u1ea1c c\u00f9ng v\u1edbi nh\u1eefng tr\u00f2 ch\u01a1i game vui nh\u1ed9n.<\/p>\n<ul>\n<li>18h30 \u0110\u00f3n ti\u1ebfp kh\u00e1ch.<\/li>\n<li>19h00 Ph\u00e1t bi\u1ec3u khai m\u1ea1c Gala Dinner c\u1ee7a Ban L\u00e3nh \u0111\u1ea1o C\u00f4ng ty.<\/li>\n<li>19h15 khai ti\u1ec7c, Nh\u00e0 h\u00e0ng ph\u1ee5c v\u1ee5 m\u00f3n \u0103n, nh\u1ea1c h\u00f2a t\u1ea5u.<\/li>\n<li>19h45: MC gi\u1edbi thi\u1ec7u ch\u01b0\u01a1ng tr\u00ecnh gameshow, giao l\u01b0u v\u0103n ngh\u1ec7<\/li>\n<li>21:00: K\u1ebft th\u00fac ch\u01b0\u01a1ng tr\u00ecnh. Qu\u00fd kh\u00e1ch t\u1ef1 do kh\u00e1m ph\u00e1 bi\u1ec3n Ninh Ch\u1eef v\u1ec1 \u0111\u00eam<\/li>\n<\/ul>\n<p>Ngh\u1ec9 \u0111\u00eam t\u1ea1i Resort.<\/p>\n<p>&nbsp;<\/p>\n<h2 id=\"ngay-3-ninh-chu-lang-gom-sai-gon-an-2-bua\"><span data-text-color=\"success\"><strong>NG\u00c0Y <\/strong><strong>3: NINH CH\u1eec &#8211; L\u00c0NG G\u1ed2M \u2013 S\u00c0I G\u00d2N<\/strong><strong>\u00a0 <\/strong><strong><em>(\u0102n <\/em><\/strong><strong><em>2<\/em><\/strong><strong><em> b\u1eefa)<\/em><\/strong><\/span><\/h2>\n<p><strong>07h00:<\/strong> Qu\u00fd Kh\u00e1ch d\u00f9ng \u0111i\u1ec3m t\u00e2m s\u00e1ng.<\/p>\n<p><strong>08h00<\/strong>: Qu\u00fd Kh\u00e1ch ti\u1ebfn h\u00e0nh l\u00e0m th\u1ee7 t\u1ee5c tr\u1ea3 ph\u00f2ng kh\u00e1ch s\u1ea1n. Kh\u1edfi h\u00e0nh tham quan th\u00e1p <strong>Po Klong Garai <\/strong>\u0111\u01b0\u1ee3c x\u00e2y d\u1ef1ng t\u1eeb th\u1ebf k\u1ef7 XIII. Hi\u1ec7n nay \u0111\u01b0\u1ee3c xem l\u00e0 c\u1ee5m th\u00e1p uy nghi v\u00e0 \u0111\u01b0\u1ee3c xem l\u00e0 \u0111\u01b0\u1ee3c g\u00ecn gi\u1eef t\u1ed1t nh\u1ea5t Vi\u1ec7t Nam. T\u1eeb th\u00e1p Po Klong Garai qu\u00fd kh\u00e1ch c\u00f3 th\u1ec3 nh\u00ecn th\u1ea5y to\u00e0n c\u1ea3nh Ninh Thu\u1eadn b\u00ean c\u1ea1nh 2 \u0111\u1ecba \u0111i\u1ec3m Ga Dope v\u00e0 s\u00e2n bay qu\u00e2n s\u1ef1 Th\u00e0nh S\u01a1n, \u0111\u00e3 g\u00f3p ph\u1ea7n to l\u1edbn trong chi\u1ebfn th\u1eafng Gi\u1ea3i ph\u00f3ng mi\u1ec1n Nam 1975.<\/p>\n<p><strong>10h00:<\/strong> \u0110o\u00e0n kh\u1edfi h\u00e0nh v\u1ec1 Th\u00e0nh ph\u1ed1 H\u1ed3 Ch\u00ed Minh, tr\u00ean \u0111\u01b0\u1eddng qu\u00fd kh\u00e1ch \u0111i tham quan L\u00e0ng g\u1ed1m B\u00e0u Tr\u00fac t\u00ecm hi\u1ec3u ngh\u1ec7 thu\u1eadt l\u00e0m g\u1ed1m b\u1eb1ng tay \u0111\u1ed9c \u0111\u00e1o, duy nh\u1ea5t t\u1ea1i Vi\u1ec7t Nam.<\/p>\n<p><strong>12h00:<\/strong> Qu\u00fd Kh\u00e1ch d\u00f9ng c\u01a1m tr\u01b0a t\u1ea1i Phan Thi\u1ebft. Tr\u00ean \u0111\u01b0\u1eddng v\u1ec1, \u0110o\u00e0n tham quan mua \u0111\u1eb7c s\u1ea3n \u0111\u1ecba ph\u01b0\u01a1ng t\u1ea1i v\u01b0\u1eddn nho Ba M\u1ecdi.<\/p>\n<p><strong>19h00:<\/strong> V\u1ec1 \u0111\u1ebfn Th\u00e0nh ph\u1ed1 H\u1ed3 Ch\u00ed Minh, Xe \u0111\u01b0a Qu\u00fd Kh\u00e1ch v\u1ec1 \u0111i\u1ec3m \u0111\u00f3n ban \u0111\u1ea7u. Gotadi chia tay v\u00e0 t\u1ea1m bi\u1ec7t qu\u00fd kh\u00e1ch h\u1eb9n g\u1eb7p l\u1ea1i.<\/p>\n<p>&nbsp;<\/p>\n<h3><strong>GI\u00c1 TOUR BAO G\u1ed2M <\/strong><\/h3>\n<ul>\n<li>Xe tham quan ph\u1ee5c v\u1ee5 su\u1ed1t h\u00e0nh tr\u00ecnh<\/li>\n<li>C\u00e1c b\u1eefa \u0103n theo ch\u01b0\u01a1ng tr\u00ecnh<\/li>\n<li>V\u00e9 tham quan c\u00e1c \u0111i\u1ec3m bao g\u1ed3m trong ch\u01b0\u01a1ng tr\u00ecnh<\/li>\n<li>H\u01b0\u1edbng d\u1eabn vi\u00ean nhi\u1ec7t t\u00ecnh, vui v\u1ebb, ph\u1ee5c v\u1ee5 chuy\u00ean nghi\u1ec7p.<\/li>\n<li>B\u1ea3o hi\u1ec3m du l\u1ecbch\u00a0: m\u1ee9c b\u1ed3i th\u01b0\u1eddng 100.000.000 \u0111\/ kh\u00e1ch.<\/li>\n<li>N\u01b0\u1edbc su\u1ed1i (1 chai\/ kh\u00e1ch\/ ng\u00e0y)\u00a0; kh\u0103n l\u1ea1nh (1 c\u00e1i\/ kh\u00e1ch\/ ng\u00e0y).<\/li>\n<li>H\u00f3a \u0111\u01a1n gi\u00e1 tr\u1ecb gia t\u0103ng VAT<\/li>\n<\/ul>\n<p>&nbsp;<\/p>\n<h3><strong>KH\u00d4NG BAO G\u1ed2M<\/strong><\/h3>\n<ul>\n<li>Chi ph\u00ed gi\u1eb7t \u1ee7i, c\u00e1c chi ph\u00ed c\u00e1 nh\u00e2n ph\u00e1t sinh kh\u00e1c.<\/li>\n<li>Ch\u01b0\u01a1ng tr\u00ecnh Gala Dinner\u00a0: S\u00e2n kh\u1ea5u, \u00e2m thanh, \u00e1nh s\u00e1ng, MC, qu\u00e0 t\u1eb7ng game<\/li>\n<li>Ch\u01b0\u01a1ng tr\u00ecnh teambuilding<\/li>\n<li>Su\u1ea5t \u0103n gala dinner.<\/li>\n<li>\u0102n u\u1ed1ng n\u1eb1m ngo\u00e0i ch\u01b0\u01a1ng tr\u00ecnh tour.<\/li>\n<li>Ti\u1ec1n tip cho t\u00e0i x\u1ebf v\u00e0 HDV.<\/li>\n<\/ul>\n<p>&nbsp;<\/p>\n<h3><strong>QUY \u0110\u1ecaNH TR\u1eba EM<\/strong><\/h3>\n<ul>\n<li>Tr\u1ebb em d\u01b0\u1edbi 5 tu\u1ed5i : mi\u1ec5n ph\u00ed (b\u00e9 ng\u1ee7 chung gi\u01b0\u1eddng v\u1edbi B\u1ed1 M\u1eb9).<\/li>\n<li>Tr\u1ebb em t\u1eeb 5 \u0111\u1ebfn d\u01b0\u1edbi 11 tu\u1ed5i: 50% gi\u00e1 c\u1ee7a ng\u01b0\u1eddi l\u1edbn (c\u00f3 gh\u1ebf ng\u1ed3i ri\u00eang; su\u1ea5t \u0103n ng\u1ee7 c\u00f9ng v\u1edbi B\u1ed1 m\u1eb9).<\/li>\n<li>Tr\u1ebb em t\u1eeb 11 tu\u1ed5i tr\u1edf l\u00ean : 100% gi\u00e1 nh\u01b0 ng\u01b0\u1eddi l\u1edbn<\/li>\n<\/ul>\n<p>&nbsp;<\/p>\n<h3><em><strong>CH\u00daC QU\u00dd KH\u00c1CH M\u1ed8T CHUY\u1ebeN \u0110I VUI V\u1eba!<\/strong><\/em><\/h3>\n","protected":false},"excerpt":{"rendered":"<p>NG\u00c0Y 1: S\u00c0I G\u00d2N \u2013 NINH CH\u1eec\u00a0 (\u0102n 3 b\u1eefa) 06h00: HDV \u0111\u00f3n \u0111o\u00e0n t\u1ea1i \u0111i\u1ec3m h\u1eb9n 07h30: \u0110o\u00e0n d\u1eebng ch\u00e2n, d\u00f9ng \u0111i\u1ec3m t\u00e2m s\u00e1ng t\u1ea1i nh\u00e0 h\u00e0ng v\u1edbi c\u00e1c m\u00f3n \u0103n truy\u1ec1n th\u1ed1ng. 09h00: \u0110o\u00e0n ti\u1ebfp t\u1ee5c di chuy\u1ec3n \u0111\u1ebfn. Tr\u00ean \u0111\u01b0\u1eddng \u0111i, Qu\u00fd kh\u00e1ch s\u1ebd c\u00f9ng h\u01b0\u1edbng d\u1eabn vi\u00ean tham gia c\u00e1c tr\u00f2&#8230;<\/p>\n","protected":false},"featured_media":4447,"comment_status":"open","ping_status":"closed","template":"","meta":{"_acf_changed":false},"product_cat":[15,195,194,192],"product_tag":[],"class_list":{"0":"post-4451","1":"product","2":"type-product","3":"status-publish","4":"has-post-thumbnail","6":"product_cat-tat-ca-tour","7":"product_cat-gala-dinner","8":"product_cat-teambuilding","9":"product_cat-tour-tron-goi","11":"first","12":"instock","13":"sale","14":"shipping-taxable","15":"purchasable","16":"product-type-simple"},"acf":[],"_links":{"self":[{"href":"https:\/\/www.gotadi.com\/services\/wp-json\/wp\/v2\/product\/4451","targetHints":{"allow":["GET"]}}],"collection":[{"href":"https:\/\/www.gotadi.com\/services\/wp-json\/wp\/v2\/product"}],"about":[{"href":"https:\/\/www.gotadi.com\/services\/wp-json\/wp\/v2\/types\/product"}],"replies":[{"embeddable":true,"href":"https:\/\/www.gotadi.com\/services\/wp-json\/wp\/v2\/comments?post=4451"}],"wp:featuredmedia":[{"embeddable":true,"href":"https:\/\/www.gotadi.com\/services\/wp-json\/wp\/v2\/media\/4447"}],"wp:attachment":[{"href":"https:\/\/www.gotadi.com\/services\/wp-json\/wp\/v2\/media?parent=4451"}],"wp:term":[{"taxonomy":"product_cat","embeddable":true,"href":"https:\/\/www.gotadi.com\/services\/wp-json\/wp\/v2\/product_cat?post=4451"},{"taxonomy":"product_tag","embeddable":true,"href":"https:\/\/www.gotadi.com\/services\/wp-json\/wp\/v2\/product_tag?post=4451"}],"curies":[{"name":"wp","href":"https:\/\/api.w.org\/{rel}","templated":true}]}}