{"id":4460,"date":"2025-02-11T16:15:24","date_gmt":"2025-02-11T09:15:24","guid":{"rendered":"https:\/\/www.gotadi.com\/services\/?post_type=product&#038;p=4460"},"modified":"2026-04-21T22:56:09","modified_gmt":"2026-04-21T15:56:09","slug":"tour-phu-yen-3-ngay-4-dem-teambuilding-gala-dinner","status":"publish","type":"product","link":"https:\/\/www.gotadi.com\/services\/tour-phu-yen-3-ngay-4-dem-teambuilding-gala-dinner\/","title":{"rendered":"TOUR PH\u00da Y\u00caN 3 NG\u00c0Y 4 \u0110\u00caM &#8211; TEAMBUILDING &#8211; GALA DINNER"},"content":{"rendered":"<h2 id=\"ngay-0-tp-ho-chi-minh-phu-yen\"><span data-text-color=\"success\"><strong>NG\u00c0Y 0:\u00a0 TP. H\u1ed2 CH\u00cd MINH \u2013<\/strong> <strong>PH\u00da Y\u00caN<\/strong><\/span><\/h2>\n<p><strong>T\u1ed1i ng\u00e0y 0:<\/strong> Xe v\u00e0 HDV \u0111\u00f3n kh\u00e1ch t\u1ea1i \u0111i\u1ec3m h\u1eb9n, kh\u1edfi h\u00e0nh \u0111i Ph\u00fa Y\u00ean<\/p>\n<p>Q\u00fay kh\u00e1ch ngh\u1ec9 \u0111\u00eam tr\u00ean xe<\/p>\n<p>&nbsp;<\/p>\n<h2 id=\"ngay-1-kham-pha-phu-yen-tham-quan-teambuilding-an-3-bua\"><span data-text-color=\"success\"><strong>NG\u00c0Y 1:\u00a0 KH\u00c1M PH\u00c1 PH\u00da Y\u00caN \u2013 THAM QUAN\u00a0 (TEAMBUILDING) &#8211; \u0102N 3 B\u1eeeA<\/strong><\/span><\/h2>\n<p><strong>S\u00e1ng:<\/strong> Q\u00fay kh\u00e1ch d\u1eebng ch\u00e2n t\u1ea1i tr\u1ea1m d\u1eebng ngh\u1ec9, v\u1ec7 sinh c\u00e1 nh\u00e2n, \u0103n s\u00e1ng.<\/p>\n<p>Xe \u0111\u01b0a \u0111o\u00e0n \u0111i tham quan:<\/p>\n<p><strong>G\u00e0nh \u0110\u00e1 \u0110\u0129a:<\/strong> N\u01a1i n\u1ed5i ti\u1ebfng v\u1edbi khung c\u1ea3nh thi\u00ean nhi\u00ean hoang s\u01a1, \u0111\u1eb9p xao xuy\u1ebfn l\u00f2ng ng\u01b0\u1eddi.<\/p>\n<p><a href=\"https:\/\/www.gotadi.com\/services\/wp-content\/uploads\/2025\/02\/ganh-da-dia-phu-yen-3.webp\"><img loading=\"lazy\" decoding=\"async\" class=\"alignnone size-large wp-image-4639\" src=\"https:\/\/www.gotadi.com\/services\/wp-content\/uploads\/2025\/02\/ganh-da-dia-phu-yen-3-1024x647.webp\" alt=\"\" width=\"1020\" height=\"644\" srcset=\"https:\/\/www.gotadi.com\/services\/wp-content\/uploads\/2025\/02\/ganh-da-dia-phu-yen-3-1024x647.webp 1024w, https:\/\/www.gotadi.com\/services\/wp-content\/uploads\/2025\/02\/ganh-da-dia-phu-yen-3-300x190.webp 300w, https:\/\/www.gotadi.com\/services\/wp-content\/uploads\/2025\/02\/ganh-da-dia-phu-yen-3-768x485.webp 768w, https:\/\/www.gotadi.com\/services\/wp-content\/uploads\/2025\/02\/ganh-da-dia-phu-yen-3-600x379.webp 600w, https:\/\/www.gotadi.com\/services\/wp-content\/uploads\/2025\/02\/ganh-da-dia-phu-yen-3.webp 1200w\" sizes=\"auto, (max-width: 1020px) 100vw, 1020px\" \/><\/a><\/p>\n<p><strong>Nh\u00e0 th\u1edd M\u1eb1ng L\u0103ng:<\/strong> L\u00e0 c\u00f4ng tr\u00ecnh ki\u1ebfn tr\u00fac v\u00f4 c\u00f9ng \u0111\u1eb7c bi\u1ec7t khi s\u1eed d\u1ee5ng l\u1ed1i ki\u1ebfn tr\u00fac Gothic \u0111\u1eb7c tr\u01b0ng c\u1ee7a ph\u01b0\u01a1ng T\u00e2y, nh\u01b0ng l\u1ea1i t\u1ecda l\u1ea1c tr\u00ean m\u1ea3nh \u0111\u1ea5t c\u00f3 v\u0103n ho\u00e1 truy\u1ec1n th\u1ed1ng \u0111\u1eb7c s\u1eafc nh\u01b0 Ph\u00fa Y\u00ean.<\/p>\n<p><strong>Tr\u01b0a:<\/strong> Q\u00fay kh\u00e1ch \u0103n tr\u01b0a t\u1ea1i nh\u00e0 h\u00e0ng \u0111\u1ecba ph\u01b0\u01a1ng, sau \u0111\u00f3 v\u1ec1 nh\u1eadn ph\u00f2ng ngh\u1ec9 ng\u01a1i t\u1ea1i kh\u00e1ch s\u1ea1n<\/p>\n<p><strong>Chi\u1ec1u:<\/strong> \u0110o\u00e0n tham gia team building t\u1ea1i b\u00e3i bi\u1ec3n do Gotadi t\u1ed5 ch\u1ee9c, h\u00f2a m\u00ecnh v\u00e0o c\u00e1c tr\u00f2 ch\u01a1i vui nh\u1ed9n, g\u1eafn k\u1ebft t\u00ecnh \u0111\u1ed3ng \u0111\u1ed9i<\/p>\n<p><a href=\"https:\/\/www.gotadi.com\/services\/wp-content\/uploads\/2025\/02\/z6296217719888_c97869cde95a0d56daef9a430b55ca76-1.jpg\"><img loading=\"lazy\" decoding=\"async\" class=\"alignnone size-large wp-image-4415\" src=\"https:\/\/www.gotadi.com\/services\/wp-content\/uploads\/2025\/02\/z6296217719888_c97869cde95a0d56daef9a430b55ca76-1-1024x768.jpg\" alt=\"\" width=\"1020\" height=\"765\" srcset=\"https:\/\/www.gotadi.com\/services\/wp-content\/uploads\/2025\/02\/z6296217719888_c97869cde95a0d56daef9a430b55ca76-1-1024x768.jpg 1024w, https:\/\/www.gotadi.com\/services\/wp-content\/uploads\/2025\/02\/z6296217719888_c97869cde95a0d56daef9a430b55ca76-1-300x225.jpg 300w, https:\/\/www.gotadi.com\/services\/wp-content\/uploads\/2025\/02\/z6296217719888_c97869cde95a0d56daef9a430b55ca76-1-768x576.jpg 768w, https:\/\/www.gotadi.com\/services\/wp-content\/uploads\/2025\/02\/z6296217719888_c97869cde95a0d56daef9a430b55ca76-1-1536x1152.jpg 1536w, https:\/\/www.gotadi.com\/services\/wp-content\/uploads\/2025\/02\/z6296217719888_c97869cde95a0d56daef9a430b55ca76-1-2048x1536.jpg 2048w, https:\/\/www.gotadi.com\/services\/wp-content\/uploads\/2025\/02\/z6296217719888_c97869cde95a0d56daef9a430b55ca76-1-600x450.jpg 600w\" sizes=\"auto, (max-width: 1020px) 100vw, 1020px\" \/><\/a><\/p>\n<p><strong>T\u1ed1i:<\/strong> \u0110o\u00e0n \u0103n t\u1ed1i t\u1ea1i nh\u00e0 h\u00e0ng \u0111\u1ecba ph\u01b0\u01a1ng, th\u01b0\u1edfng th\u1ee9c \u0111\u1eb7c s\u1ea3n Ph\u00fa Y\u00ean, sau \u0111\u00f3 t\u1ef1 do v\u1ec1 \u0111\u00eam<\/p>\n<p>&nbsp;<\/p>\n<h2 id=\"ngay-2-phu-yen-bai-mon-vung-ro-an-3-bua\"><span data-text-color=\"success\"><strong>NG\u00c0Y 2:\u00a0 PH\u00da Y\u00caN \u2013 B\u00c3I M\u00d4N &#8211; V\u0168NG R\u00d4 &#8211;\u00a0<\/strong><strong> \u0102N 3 B\u1eeeA<\/strong><\/span><\/h2>\n<p><strong>S\u00e1ng:<\/strong> Q\u00fay kh\u00e1ch d\u00f9ng b\u1eefa s\u00e1ng t\u1ea1i kh\u00e1ch s\u1ea1n, sau \u0111\u00f3 kh\u1edfi h\u00e0nh tham quan:<\/p>\n<p><strong>+ M\u0168I \u0110I\u1ec6N<\/strong> \u2013 hay c\u00f2n g\u1ecdi l\u00e0 M\u0168I \u0110\u1ea0I L\u00c3NH, \u0111i\u1ec3m c\u1ef1c \u0111\u00f4ng c\u1ee7a t\u1ed5 qu\u1ed1c, \u201cH\u1ea3i \u0110\u0103ng M\u0169i \u0110i\u1ec7n\u201d l\u00e0 m\u1ed9t \u0111i\u1ec3m nh\u1ea5n kh\u00e1c c\u1ee7a v\u00f9ng \u0111\u1ea5t n\u00e0y, t\u00ednh t\u1eeb m\u1eb7t \u0111\u1ea5t cao 26,5m v\u00e0 l\u00ean \u0111\u1ebfn 110m theo m\u1ef1c n\u01b0\u1edbc bi\u1ec3n, n\u01a1i \u0111\u00e2y B\u1ea1n c\u00f3 th\u1ec3 ng\u1eafm v\u1ebb \u0111\u1eb9p thi\u00ean nhi\u00ean k\u1ef3 v\u1ef9 t\u1eeb tr\u00ean cao v\u1edbi phong c\u1ea3nh bi\u1ec3n \u0111\u1ea3o h\u00e0o h\u00f9ng c\u1ee7a d\u00e2n t\u1ed9c<\/p>\n<p>D\u01b0\u1edbi ch\u00e2n M\u0169i \u0110i\u1ec7n l\u00e0 B\u00c3I M\u00d4N \u2013 m\u1ed9t b\u00e3i bi\u1ec3n v\u1eabn c\u00f2n kh\u00e1 hoang s\u01a1, c\u00f3 h\u00ecnh v\u1ea7ng tr\u0103ng khuy\u1ebft v\u1edbi \u0111\u01b0\u1eddng b\u1edd bi\u1ec3n d\u00e0i kho\u1ea3ng 400m, \u0111\u1ed9 d\u1ed1c thoai tho\u1ea3i, c\u00e1t tr\u1eafng m\u1ecbn, n\u01b0\u1edbc trong v\u1eaft nh\u01b0 pha l\u00ea<\/p>\n<p><a href=\"https:\/\/www.gotadi.com\/services\/wp-content\/uploads\/2025\/02\/mui-dai-lanh-2-1613.jpg\"><img loading=\"lazy\" decoding=\"async\" class=\"alignnone size-large wp-image-4638\" src=\"https:\/\/www.gotadi.com\/services\/wp-content\/uploads\/2025\/02\/mui-dai-lanh-2-1613-1024x683.jpg\" alt=\"\" width=\"1020\" height=\"680\" srcset=\"https:\/\/www.gotadi.com\/services\/wp-content\/uploads\/2025\/02\/mui-dai-lanh-2-1613-1024x683.jpg 1024w, https:\/\/www.gotadi.com\/services\/wp-content\/uploads\/2025\/02\/mui-dai-lanh-2-1613-300x200.jpg 300w, https:\/\/www.gotadi.com\/services\/wp-content\/uploads\/2025\/02\/mui-dai-lanh-2-1613-768x512.jpg 768w, https:\/\/www.gotadi.com\/services\/wp-content\/uploads\/2025\/02\/mui-dai-lanh-2-1613-1536x1025.jpg 1536w, https:\/\/www.gotadi.com\/services\/wp-content\/uploads\/2025\/02\/mui-dai-lanh-2-1613-600x400.jpg 600w, https:\/\/www.gotadi.com\/services\/wp-content\/uploads\/2025\/02\/mui-dai-lanh-2-1613.jpg 2000w\" sizes=\"auto, (max-width: 1020px) 100vw, 1020px\" \/><\/a><\/p>\n<p>Xe v\u00e0 HDV ti\u1ebfp t\u1ee5c \u0111\u01b0a Qu\u00fd kh\u00e1ch \u0111\u1ebfn khu di t\u00edch T\u00e0u kh\u00f4ng s\u1ed1 V\u0168NG R\u00d4. V\u1ecbnh V\u0169ng R\u00f4 m\u1ed9t trong nh\u1eefng v\u1ecbnh \u0111\u1eb9p n\u1ed5i ti\u1ebfng c\u1ee7a khu v\u1ef1c ven bi\u1ec3n Mi\u1ec1n Trung, n\u1eb1m ti\u1ebfp gi\u00e1p v\u1edbi V\u1ecbnh V\u00e2n Phong, n\u01a1i c\u1eadp b\u1ebfn c\u1ee7a nh\u1eefng chuy\u1ebfn t\u00e0u kh\u00f4ng s\u1ed1 v\u1edbi huy\u1ec1n tho\u1ea1i \u0111\u01b0\u1eddng H\u1ed3 Ch\u00ed Minh tr\u00ean bi\u1ec3n. Sau \u0111\u00f3 Qu\u00fd kh\u00e1ch l\u00ean t\u00e0u \u0111i ra h\u00f2n N\u01b0a l\u1eb7n ng\u1eafm san h\u00f4, t\u1ef1 do t\u1eafm bi\u1ec3n<\/p>\n<p><strong>Tr\u01b0a + chi\u1ec1u:<\/strong> T\u00e0u \u0111\u01b0a v\u1ec1 v\u1ecbnh V\u0169ng R\u00f4, \u0110o\u00e0n d\u00f9ng b\u1eefa tr\u01b0a H\u1ea3i s\u1ea3n tr\u00ean b\u00e8 n\u1ed5i <strong>V\u0168NG R\u00d4<\/strong>, nghe HDV thuy\u1ebft minh v\u1ec1 c\u00e1ch nu\u00f4i c\u00e1 c\u0169ng nh\u01b0 t\u1eadn m\u1eaft th\u1ea5y nh\u1eefng \u0111\u00e0n c\u00e1 gi\u1ed1ng t\u1ea1i n\u01a1i \u0111\u00e2y. T\u1ef1 do th\u01b0\u1edfng th\u1ee9c h\u1ea3i s\u1ea3n n\u01a1i \u0111\u00e2y (ph\u00ed t\u1ef1 t\u00fac). Ngh\u1ec9 tr\u01b0a gh\u1ebf b\u1ed1 v\u00e0 v\u00f5ng tr\u00ean b\u00e8 n\u1ed5i.<\/p>\n<p>\u0110o\u00e0n v\u1ec1 kh\u00e1ch s\u1ea1n ngh\u1ec9 ng\u01a1i<\/p>\n<p><strong>T\u1ed1i:<\/strong> \u0111o\u00e0n \u0103n t\u1ed1i t\u1ea1i nh\u00e0 h\u00e0ng \u0111\u1ecba ph\u01b0\u01a1ng, t\u1ef1 do kh\u00e1m ph\u00e1 Ph\u00fa Y\u00ean v\u1ec1 \u0111\u00eam<\/p>\n<p>Qu\u00fd kh\u00e1ch c\u00f3 th\u1ec3 tho\u1ea3i m\u00e1i d\u1ea1o m\u00e1t v\u00e0 n\u1ebfm th\u1eed nhi\u1ec1u \u0111\u1eb7c s\u1ea3n, h\u1ea3i s\u1ea3n Ph\u00fa Y\u00ean (l\u01b0\u01a1n c\u00f9 lao, m\u1eaft c\u00e1 ng\u1eeb \u0111\u1ea1i d\u01b0\u01a1ng, c\u00f9 di hon,..) n\u01a1i c\u00e1c qu\u00e1n x\u00e1 d\u1ecdc khu v\u1ef1c b\u1edd k\u00e8 B\u1ea1ch \u0110\u1eb1ng (chi phi\u0301 t\u01b0\u0323 tu\u0301c).<\/p>\n<p>&nbsp;<\/p>\n<h2 id=\"ngay-3-phu-yen-ho-chi-minh-an-3-bua\"><span data-text-color=\"success\"><strong>NG\u00c0Y 3:\u00a0 PH\u00da Y\u00caN \u2013 H\u1ed2 CH\u00cd MINH &#8211; \u0102N 3 B\u1eeeA<\/strong><\/span><\/h2>\n<p><strong>S\u00e1ng:<\/strong> Q\u00fay kh\u00e1ch \u0103n s\u00e1ng t\u1ea1i kh\u00e1ch s\u1ea1n.<\/p>\n<p><strong>Tr\u01b0a:<\/strong> \u0110o\u00e0n l\u00e0m th\u1ee7 t\u1ee5c tr\u1ea3 ph\u00f2ng kh\u00e1ch s\u1ea1n. Xe v\u00e0 HDV \u0111\u1eabn \u0111o\u00e0n d\u00f9ng c\u01a1m tr\u01b0a t\u1ea1i nh\u00e0 h\u00e0ng \u0111\u1ecba ph\u01b0\u01a1ng.<\/p>\n<p>\u0110o\u00e0n kh\u1edfi h\u00e0nh tham quan:<\/p>\n<p>Th\u00e1p Nh\u1ea1n, ng\u1ecdn th\u00e1p Ch\u0103m c\u1ed5 x\u01b0a b\u1eadc nh\u1ea5t cao h\u01a1n 23m &#8211; c\u0169ng ch\u00ednh l\u00e0 bi\u1ec3u t\u01b0\u1ee3ng du l\u1ecbch c\u1ee7a Tuy H\u00f2a, Ph\u00fa Y\u00ean.<\/p>\n<p>Th\u00e1p Nghinh Phong: C\u00f4ng tr\u00ecnh s\u1edf h\u1eefu m\u1ed9t l\u1ed1i ki\u1ebfn tr\u00fac c\u1ef1c k\u1ef3 \u0111\u1ed9c \u0111\u00e1o v\u00e0 h\u00ecnh th\u00e0nh n\u00ean t\u1eeb v\u1ebb \u0111\u1eb9p c\u1ee7a G\u00e0nh \u0110\u00e1 \u0110\u0129a. Th\u00e1p \u0111\u01b0\u1ee3c t\u1ea1o n\u00ean t\u1eeb nh\u1eefng kh\u1ed1i \u0111\u00e1 c\u00f3 h\u00ecnh tr\u1ee5 x\u1ebfp ch\u1ed3ng l\u00ean nhau v\u00e0 \u0111\u01b0\u1ee3c t\u00f4 \u0111i\u1ec3m th\u00eam r\u1ea5t nhi\u1ec1u hoa v\u0103n tinh x\u1ea3o, \u0111\u1ed9c \u0111\u00e1o. Hi\u1ec7n nay \u0111\u00e2y c\u00f4ng tr\u00ecnh n\u00e0y l\u00e0 \u0111\u1ecba \u0111i\u1ec3m m\u00e0 r\u1ea5t nhi\u1ec1u t\u00ed \u0111\u1ed3 y\u00eau th\u00edch s\u1ed1ng \u1ea3o s\u0103n \u0111\u00f3n.<\/p>\n<p>\u0110o\u00e0n kh\u1edfi h\u00e0nh v\u1ec1 l\u1ea1i TPHCM<\/p>\n<p><strong>T\u1ed1i:<\/strong> \u0110o\u00e0n \u0111\u1ebfn HCM, HDV Gotadi t\u1ea1m bi\u1ec7t qu\u00fd kh\u00e1ch, h\u1eb9n qu\u00fd kh\u00e1ch trong nh\u1eefng d\u1ecbp s\u1eafp t\u1edbi!<\/p>\n<p>&nbsp;<\/p>\n<h3><strong>BAO G\u1ed2M <\/strong><\/h3>\n<ul>\n<li>Xe tham quan ph\u1ee5c v\u1ee5 su\u1ed1t h\u00e0nh tr\u00ecnh\u00a0: xe 45 ch\u1ed7 \u0111\u1eddi m\u1edbi<\/li>\n<li>L\u01b0u tr\u00fa ti\u00eau chu\u1ea9n 2 kh\u00e1ch\/ ph\u00f2ng. Tr\u01b0\u1eddng h\u1ee3p ph\u00f2ng \u0111\u01a1n s\u1ebd ph\u1ee5 thu theo th\u1eddi \u0111i\u1ec3m th\u1ef1c t\u1ebf.<\/li>\n<li>C\u00e1c b\u1eefa \u0103n theo ch\u01b0\u01a1ng tr\u00ecnh.<\/li>\n<li>V\u00e9 tham quan theo ch\u01b0\u01a1ng tr\u00ecnh.<\/li>\n<li>H\u01b0\u1edbng d\u1eabn vi\u00ean nhi\u1ec7t t\u00ecnh, vui v\u1ebb, ph\u1ee5c v\u1ee5 chuy\u00ean nghi\u1ec7p.<\/li>\n<li>B\u1ea3o hi\u1ec3m du l\u1ecbch\u00a0: m\u1ee9c b\u1ed3i th\u01b0\u1eddng 50.000.000 \u0111\/ kh\u00e1ch.<\/li>\n<li>N\u01b0\u1edbc su\u1ed1i (1 chai\/ kh\u00e1ch\/ ng\u00e0y)\u00a0; kh\u0103n (1 c\u00e1i\/ kh\u00e1ch\/ ng\u00e0y).<\/li>\n<\/ul>\n<p><strong>\u00a0<\/strong><\/p>\n<h3><strong>KH\u00d4NG BAO G\u1ed2M<\/strong><\/h3>\n<ul>\n<li>Chi ph\u00ed \u0103n u\u1ed1ng ngo\u00e0i ch\u01b0\u01a1ng tr\u00ecnh, vui ch\u01a1i gi\u1ea3i tr\u00ed c\u00e1 nh\u00e2n.<\/li>\n<li>Ch\u01b0\u01a1ng tr\u00ecnh gala dinner + teambuilding theo y\u00eau c\u1ea7u<\/li>\n<li>V\u00e9 tham quan ghi t\u1ef1 t\u00fac tr\u00ean ch\u01b0\u01a1ng tr\u00ecnh<\/li>\n<li>Chi ph\u00ed b\u1ed3i d\u01b0\u1ee1ng cho HDV v\u00e0 t\u00e0i x\u1ebf.<\/li>\n<li>\u00c2m thanh, s\u00e2n kh\u1ea5u \u0111\u00eam gala Dinner<\/li>\n<li>Qu\u00e0 t\u1eb7ng n\u00f3n, qu\u00e0 t\u0103ng teambuidling + gala<\/li>\n<\/ul>\n<p>&nbsp;<\/p>\n<h3><strong>QUI \u0110\u1ecaNH TR\u1eba EM <\/strong><\/h3>\n<ul>\n<li>Tr\u1ebb em d\u01b0\u1edbi 5 tu\u1ed5i : mi\u1ec5n ph\u00ed (b\u00e9 ng\u1ee7 chung gi\u01b0\u1eddng v\u1edbi B\u1ed1 M\u1eb9).<\/li>\n<li>Tr\u1ebb em t\u1eeb 6 \u0111\u1ebfn d\u01b0\u1edbi 10 tu\u1ed5i : 50% gi\u00e1 c\u1ee7a ng\u01b0\u1eddi l\u1edbn (c\u00f3 gh\u1ebf ng\u1ed3i; su\u1ea5t \u0103n; ng\u1ee7 c\u00f9ng v\u1edbi B\u1ed1 m\u1eb9).<\/li>\n<li>Tr\u1ebb em t\u1eeb 10 tu\u1ed5i tr\u1edf l\u00ean : 100% gi\u00e1 nh\u01b0 ng\u01b0\u1eddi l\u1edbn<\/li>\n<\/ul>\n<h3><\/h3>\n<h3><em><strong>CH\u00daC QU\u00dd KH\u00c1CH M\u1ed8T CHUY\u1ebeN \u0110I VUI V\u1eba!<\/strong><\/em><\/h3>\n","protected":false},"excerpt":{"rendered":"<p>NG\u00c0Y 0:\u00a0 TP. H\u1ed2 CH\u00cd MINH \u2013 PH\u00da Y\u00caN T\u1ed1i ng\u00e0y 0: Xe v\u00e0 HDV \u0111\u00f3n kh\u00e1ch t\u1ea1i \u0111i\u1ec3m h\u1eb9n, kh\u1edfi h\u00e0nh \u0111i Ph\u00fa Y\u00ean Q\u00fay kh\u00e1ch ngh\u1ec9 \u0111\u00eam tr\u00ean xe &nbsp; NG\u00c0Y 1:\u00a0 KH\u00c1M PH\u00c1 PH\u00da Y\u00caN \u2013 THAM QUAN\u00a0 (TEAMBUILDING) &#8211; \u0102N 3 B\u1eeeA S\u00e1ng: Q\u00fay kh\u00e1ch d\u1eebng ch\u00e2n t\u1ea1i tr\u1ea1m d\u1eebng ngh\u1ec9,&#8230;<\/p>\n","protected":false},"featured_media":4462,"comment_status":"open","ping_status":"closed","template":"","meta":{"_acf_changed":false},"product_cat":[15,195,194,192,183],"product_tag":[],"class_list":{"0":"post-4460","1":"product","2":"type-product","3":"status-publish","4":"has-post-thumbnail","6":"product_cat-tat-ca-tour","7":"product_cat-gala-dinner","8":"product_cat-teambuilding","9":"product_cat-tour-tron-goi","10":"product_cat-viet-nam","12":"first","13":"instock","14":"sale","15":"shipping-taxable","16":"purchasable","17":"product-type-simple"},"acf":[],"_links":{"self":[{"href":"https:\/\/www.gotadi.com\/services\/wp-json\/wp\/v2\/product\/4460","targetHints":{"allow":["GET"]}}],"collection":[{"href":"https:\/\/www.gotadi.com\/services\/wp-json\/wp\/v2\/product"}],"about":[{"href":"https:\/\/www.gotadi.com\/services\/wp-json\/wp\/v2\/types\/product"}],"replies":[{"embeddable":true,"href":"https:\/\/www.gotadi.com\/services\/wp-json\/wp\/v2\/comments?post=4460"}],"wp:featuredmedia":[{"embeddable":true,"href":"https:\/\/www.gotadi.com\/services\/wp-json\/wp\/v2\/media\/4462"}],"wp:attachment":[{"href":"https:\/\/www.gotadi.com\/services\/wp-json\/wp\/v2\/media?parent=4460"}],"wp:term":[{"taxonomy":"product_cat","embeddable":true,"href":"https:\/\/www.gotadi.com\/services\/wp-json\/wp\/v2\/product_cat?post=4460"},{"taxonomy":"product_tag","embeddable":true,"href":"https:\/\/www.gotadi.com\/services\/wp-json\/wp\/v2\/product_tag?post=4460"}],"curies":[{"name":"wp","href":"https:\/\/api.w.org\/{rel}","templated":true}]}}