{"id":4465,"date":"2025-02-11T16:28:03","date_gmt":"2025-02-11T09:28:03","guid":{"rendered":"https:\/\/www.gotadi.com\/services\/?post_type=product&#038;p=4465"},"modified":"2026-04-21T22:56:49","modified_gmt":"2026-04-21T15:56:49","slug":"tour-da-nang-hoi-an-3-ngay-2-dem-team-building-gala-dinner","status":"publish","type":"product","link":"https:\/\/www.gotadi.com\/services\/tour-da-nang-hoi-an-3-ngay-2-dem-team-building-gala-dinner\/","title":{"rendered":"TOUR \u0110\u00c0 N\u1eb4NG &#8211; H\u1ed8I AN 3 NG\u00c0Y 2 \u0110\u00caM &#8211; TEAM BUILDING &#8211; GALA DINNER"},"content":{"rendered":"<h2 id=\"ngay-1-ho-chi-minh-da-nang-ngu-hanh-son-hoi-an-an-trua-toi\"><span data-text-color=\"success\"><strong>NG\u00c0Y 1 <\/strong><strong>H\u1ed2 CHI MINH \u2013 \u0110\u00c0 N\u1eb4NG \u2013 NG\u0168 H\u00c0NH S\u01a0N \u2013 H\u1ed8I AN <\/strong><strong>\u00a0 (\u0102n<\/strong><strong> tr\u01b0a, t\u1ed1i<\/strong><strong>)<\/strong><\/span><\/h2>\n<p><strong>08h20: <\/strong>Xe v\u00e0 HDV \u0111\u00f3n qu\u00fd kh\u00e1ch t\u1ea1i s\u00e2n bay \u0110\u00e0 N\u1eb5ng, \u0111\u01b0a qu\u00fd kh\u00e1ch \u0111i tham quan<strong>: <\/strong><\/p>\n<ul>\n<li><strong>B\u00e1n \u0110\u1ea3o S\u01a1n Tr\u00e0 &#8211; <\/strong>m\u1ee5c k\u00edch ph\u1ed1 bi\u1ec3n \u0110\u00e0 N\u1eb5ng tr\u00ean cao, vi\u1ebfng\u00a0<strong>Linh \u1ee8ng T\u1ef1<\/strong>\u00a0&#8211; n\u01a1i c\u00f3 t\u01b0\u1ee3ng Ph\u1eadt B\u00e0 67m cao nh\u1ea5t Vi\u1ec7t Nam<\/li>\n<\/ul>\n<p><a href=\"https:\/\/www.gotadi.com\/services\/wp-content\/uploads\/2025\/02\/Untitled-min.jpg\"><img loading=\"lazy\" decoding=\"async\" class=\"alignnone size-large wp-image-4642\" src=\"https:\/\/www.gotadi.com\/services\/wp-content\/uploads\/2025\/02\/Untitled-min-1024x683.jpg\" alt=\"\" width=\"1020\" height=\"680\" srcset=\"https:\/\/www.gotadi.com\/services\/wp-content\/uploads\/2025\/02\/Untitled-min-1024x683.jpg 1024w, https:\/\/www.gotadi.com\/services\/wp-content\/uploads\/2025\/02\/Untitled-min-300x200.jpg 300w, https:\/\/www.gotadi.com\/services\/wp-content\/uploads\/2025\/02\/Untitled-min-768x512.jpg 768w, https:\/\/www.gotadi.com\/services\/wp-content\/uploads\/2025\/02\/Untitled-min-1536x1024.jpg 1536w, https:\/\/www.gotadi.com\/services\/wp-content\/uploads\/2025\/02\/Untitled-min-600x400.jpg 600w, https:\/\/www.gotadi.com\/services\/wp-content\/uploads\/2025\/02\/Untitled-min.jpg 1600w\" sizes=\"auto, (max-width: 1020px) 100vw, 1020px\" \/><\/a><\/p>\n<p><strong>Tr\u01b0a<\/strong>: Xe \u0111\u01b0a qu\u00fd kh\u00e1ch \u0111\u1ebfn nh\u00e0 h\u00e0ng \u0103n tr\u01b0a. Xe v\u00e0 hdv \u0111\u01b0a qu\u00fd kh\u00e1ch v\u1ec1 kh\u00e1ch s\u1ea1n nh\u1eadn ph\u00f2ng (th\u1eddi gian nh\u1eadn ph\u00f2ng 14:00).<\/p>\n<p><strong>15h00: <\/strong>Xe v\u00e0 HDV \u0111\u00f3n qu\u00fd kh\u00e1ch t\u1ea1i s\u00e2n bay \u0110\u00e0 N\u1eb5ng, \u0111\u01b0a qu\u00fd kh\u00e1ch \u0111i tham quan<strong>: <\/strong><\/p>\n<ul>\n<li><strong>Ng\u0169 H\u00e0nh S\u01a1n<\/strong> \u2013 c\u00e1ch trung t\u00e2m 8km v\u1edbi 5 ng\u1ecdn n\u00fai \u0111\u01b0\u1ee3c n\u1eb1m theo h\u1ec7 Ng\u0169 H\u00e0nh. Qu\u00fd kh\u00e1ch s\u1ebd tham quan: Th\u00e1p X\u00e1 L\u1ee3i, Ch\u00f9a Linh \u1ee8ng 1, \u0111\u1ed9ng T\u00e0ng Ch\u01a1n, \u0111\u1ed9ng V\u00e2n Th\u00f4ng, Huy\u1ec1n Kh\u00f4ng quan, V\u1ecdng Giang \u0110\u00e0i, Ch\u00f9a Tam Thai sau \u0111\u00f3 h\u1ea1 s\u01a1n b\u1eb1ng \u0111\u01b0\u1eddng b\u1ed9. Ti\u1ebfp t\u1ee5c th\u0103m L\u00e0ng \u0111\u00e1 M\u1ef9 ngh\u1ec7 Non N\u01b0\u1edbc, m\u1ed9t trong b\u1ed1n ng\u00f4i l\u00e0ng c\u1ed5 t\u1ea1i Qu\u1ea3ng Nam \u2013 \u0110\u00e0 N\u1eb5ng x\u01b0a kia t\u1eadp trung v\u00e0o ngh\u1ec1 \u0111\u00fac, \u0111\u1ebdo v\u00e0 t\u1ea1c \u0111\u00e1.<\/li>\n<\/ul>\n<p><strong>16h30:<\/strong> Xe v\u00e0 HDV \u0111\u00f3n qu\u00fd kh\u00e1ch t\u1ea1i kh\u00e1ch s\u1ea1n \u0111\u01b0a \u0111o\u00e0n tham quan ph\u1ed1 c\u1ed5 H\u1ed9i An. \u0110\u00e2y l\u00e0 ph\u1ed1 \u0111\u00e8n l\u1ed3ng \u0111\u1eb9p nh\u1ea5t v\u00e0o ban \u0111\u00eam mang phong c\u00e1ch \u0111\u1eadm ch\u1ea5t ng\u01b0\u1eddi Hoa. Qu\u00fd kh\u00e1ch s\u1ebd c\u00f3 d\u1ecbp tham quan ch\u00f9a C\u1ea7u Nh\u1eadt B\u1ea3n, x\u00e2y d\u1ef1ng v\u00e0o \u0111\u1ea7u th\u1ebf k\u1ef7 17, m\u1ed9t bi\u1ec3u t\u01b0\u1ee3ng \u0111\u1ed9c \u0111\u00e1o v\u00e0 r\u1ea5t th\u00e2n th\u01b0\u01a1ng c\u1ee7a ng\u01b0\u1eddi H\u1ed9i An. Sau \u0111\u00f3, qu\u00fd kh\u00e1ch s\u1ebd th\u0103m hai trong c\u00e1c \u0111i\u1ec3m sau: H\u1ed9i Qu\u00e1n Qu\u1ea3ng \u0110\u00f4ng, H\u1ed9i Qu\u00e1n Ph\u00fac Ki\u1ebfn, nh\u00e0 c\u1ed5 T\u1ea5n K\u00fd, nh\u00e0 c\u1ed5 Ph\u00f9ng H\u01b0ng.<\/p>\n<p><a href=\"https:\/\/www.gotadi.com\/services\/wp-content\/uploads\/2025\/02\/Untitled-12.jpg\"><img loading=\"lazy\" decoding=\"async\" class=\"alignnone size-large wp-image-4641\" src=\"https:\/\/www.gotadi.com\/services\/wp-content\/uploads\/2025\/02\/Untitled-12-1024x629.jpg\" alt=\"\" width=\"1020\" height=\"627\" srcset=\"https:\/\/www.gotadi.com\/services\/wp-content\/uploads\/2025\/02\/Untitled-12-1024x629.jpg 1024w, https:\/\/www.gotadi.com\/services\/wp-content\/uploads\/2025\/02\/Untitled-12-300x184.jpg 300w, https:\/\/www.gotadi.com\/services\/wp-content\/uploads\/2025\/02\/Untitled-12-768x472.jpg 768w, https:\/\/www.gotadi.com\/services\/wp-content\/uploads\/2025\/02\/Untitled-12-1536x944.jpg 1536w, https:\/\/www.gotadi.com\/services\/wp-content\/uploads\/2025\/02\/Untitled-12-600x369.jpg 600w, https:\/\/www.gotadi.com\/services\/wp-content\/uploads\/2025\/02\/Untitled-12.jpg 1600w\" sizes=\"auto, (max-width: 1020px) 100vw, 1020px\" \/><\/a><\/p>\n<p><strong>19h00:<\/strong> \u0110o\u00e0n d\u00f9ng b\u1eefa t\u1ea1i nh\u00e0 h\u00e0ng. Nghi\u0309 \u0111\u00eam t\u1ef1 do ta\u0323i \u0110a\u0300 N\u0103\u0303ng.<\/p>\n<p>&nbsp;<\/p>\n<h2 id=\"ngay-2-da-nang-bana-hills-da-nang-an-sang-trua-toi\"><span data-text-color=\"success\"><strong>NG\u00c0Y 2: <\/strong><strong>\u0110\u00c0 N\u1eb4NG \u2013 BANA HILLS \u2013 \u0110\u00c0 N\u1eb4NG\u00a0 <\/strong><strong>\u00a0\u00a0<\/strong><strong>(\u0102n s\u00e1ng<\/strong><strong>, tr\u01b0a, <\/strong><strong>t\u1ed1i)<\/strong><\/span><\/h2>\n<p><strong>07h30:<\/strong> D\u00f9ng \u0111i\u1ec3m t\u00e2m t\u1ea1i kh\u00e1ch s\u1ea1n.<\/p>\n<p><strong>08h00:<\/strong> Xe v\u00e0 HDV \u0110\u00f3n Qu\u00fd kh\u00e1ch kh\u1edfi h\u00e0nh l\u00ean<strong> B\u00e0 N\u00e0 Hills<\/strong><\/p>\n<p><strong>09h00:<\/strong> \u0110\u1ebfn ga c\u00e1p treo B\u00e0 N\u00e0 \u2013 Su\u1ed1i M\u01a1, b\u1eaft \u0111\u1ea7u h\u00e0nh tr\u00ecnh l\u00ean n\u00fai b\u1eb1ng h\u1ec7 th\u1ed1ng c\u00e1p treo \u0111\u1ea1t 4 k\u1ef7 l\u1ee5c Th\u1ebf Gi\u1edbi. Ng\u1eafm d\u00f2ng su\u1ed1i M\u01a1 v\u1edbi nh\u1eefng ng\u1ecdn th\u00e1c tung b\u1ecdt tr\u1eafng x\u00f3a, nh\u1eefng v\u1ea1t r\u1eebng nguy\u00ean sinh v\u00e0 nh\u1eefng t\u00e1n c\u00e2y l\u00e1 \u0111\u1ecf. Qu\u00fd kh\u00e1ch tham quan:<\/p>\n<ul>\n<li>Tr\u1ea3i nghi\u1ec7m t\u00e0u ho\u1ea3 leo n\u00fai.<\/li>\n<li>Th\u0103m quan v\u01b0\u1eddn hoa Le Jardin D\u2019Amour.<\/li>\n<li>Khu h\u1ea7m r\u01b0\u1ee3u Debay th\u01b0\u1edfng th\u1ee9c c\u00e1c m\u00f3n r\u01b0\u1ee3u vang h\u1ea3o h\u1ea1ng<\/li>\n<li>D\u1ea1o b\u1ed9 tham quan khu L\u00e0ng Ph\u00e1p nh\u01b0 1 ch\u00e2u \u00c2u thu nh\u1ecf.<\/li>\n<li>Vi\u1ebfng th\u0103m t\u01b0\u1ee3ng ph\u1eadt th\u00edch ca, Ch\u00f9a Linh \u1ee8ng c\u00f9ng c\u00e1c \u0111i\u1ec3m t\u00e2m linh kh\u00e1c<\/li>\n<li>Chi\u00eam ng\u01b0\u1ee1ng to\u00e0n b\u1ed9 khung c\u1ea3nh v\u00f4 t\u1eadn v\u00e0 thi\u00ean nhi\u00ean h\u00f9ng v\u0129 c\u1ee7a khu du l\u1ecbch B\u00e0 N\u00e0 khi d\u1ea1 b\u01b0\u1edbc tr\u00ean C\u00c2Y C\u1ea6U V\u00c0NG.<\/li>\n<li>Check- in Con \u0111\u01b0\u1eddng b\u00edch h\u1ecda h\u01a1n 1 km b\u1eadc thang d\u1eabn \u0111\u1ebfn V\u01b0\u1eddn Thi\u00eang r\u1ef1c r\u1ee1 mu\u00f4n s\u1eafc m\u00e0u.<\/li>\n<li>H\u01b0\u1edbng d\u1eabn \u0111\u01b0a \u0111o\u00e0n v\u00e0o tham quan Khu vui ch\u01a1i gi\u1ea3i tr\u00ed trong nh\u00e0 l\u1edbn th\u1ee9 3 Th\u1ebf gi\u1edbi FANTASY PARK: V\u00f2ng quay t\u00ecnh y\u00eau, Phi c\u00f4ng SKIVER, C\u00f4ng vi\u00ean kh\u1ee7ng long, \u0110\u01b0\u1eddng \u0111ua l\u1eeda, Xe \u0111i\u1ec7n \u0111\u1ee5ng, Ng\u00f4i nh\u00e0 ma, C\u1ed1i xay gi\u00f3, Ng\u01b0\u1eddi nh\u1ec7n, Th\u00e1p r\u01a1i xoay t\u1ef1 do\u2026<\/li>\n<\/ul>\n<p><a href=\"https:\/\/www.gotadi.com\/services\/wp-content\/uploads\/2025\/02\/Ba-Na-2.jpg\"><img loading=\"lazy\" decoding=\"async\" class=\"alignnone size-large wp-image-4640\" src=\"https:\/\/www.gotadi.com\/services\/wp-content\/uploads\/2025\/02\/Ba-Na-2-1024x683.jpg\" alt=\"\" width=\"1020\" height=\"680\" srcset=\"https:\/\/www.gotadi.com\/services\/wp-content\/uploads\/2025\/02\/Ba-Na-2-1024x683.jpg 1024w, https:\/\/www.gotadi.com\/services\/wp-content\/uploads\/2025\/02\/Ba-Na-2-300x200.jpg 300w, https:\/\/www.gotadi.com\/services\/wp-content\/uploads\/2025\/02\/Ba-Na-2-768x512.jpg 768w, https:\/\/www.gotadi.com\/services\/wp-content\/uploads\/2025\/02\/Ba-Na-2-1536x1024.jpg 1536w, https:\/\/www.gotadi.com\/services\/wp-content\/uploads\/2025\/02\/Ba-Na-2-600x400.jpg 600w, https:\/\/www.gotadi.com\/services\/wp-content\/uploads\/2025\/02\/Ba-Na-2.jpg 1800w\" sizes=\"auto, (max-width: 1020px) 100vw, 1020px\" \/><\/a><\/p>\n<p>Qu\u00fd kh\u00e1ch t\u1eadp trung t\u1ea1i ga Morin l\u00ean tuy\u1ebfn c\u00e1p treo Indochine d\u00e0i nh\u1ea5t \u0110\u00f4ng D\u01b0\u01a1ng, t\u1ea1m bi\u1ec7t B\u00e0 N\u00e0 Hill c\u00e1p treo \u0111\u01b0a kh\u00e1ch xu\u1ed1ng l\u1ea1i ch\u00e2n n\u00fai B\u00e0 N\u00e0 l\u00ean xe v\u1ec1 l\u1ea1i \u0110\u00e0 N\u1eb5ng.<\/p>\n<p><strong>14h00:<\/strong> R\u1eddi B\u00e0 N\u00e0 b\u1eb1ng tuy\u1ebfn c\u00e1p treo th\u1ee9 3 \u2013 tuy\u1ebfn c\u00e1p treo \u0111\u1ea1t 4 k\u1ef7 l\u1ee5c th\u1ebf gi\u1edbi.<\/p>\n<p><strong>15h00:<\/strong> Xe \u0111\u01b0a qu\u00fd kh\u00e1ch v\u1ec1 l\u1ea1i kh\u00e1ch s\u1ea1n. Qu\u00fd kh\u00e1ch d\u00f9ng b\u1eefa t\u1ed1i. Ngh\u1ec9 \u0111\u00eam t\u1ea1i \u0110\u00e0 N\u1eb5ng.<\/p>\n<p>&nbsp;<\/p>\n<h2 id=\"ngay-3-da-nang-ho-chi-minh-an-sang-trua\"><span data-text-color=\"success\"><strong>NG\u00c0Y <\/strong><strong>3: <\/strong><strong>\u0110\u00c0 N\u1eb4NG \u2013 H\u1ed2 CH\u00cd MINH <\/strong><strong>\u00a0(\u0102n s\u00e1ng, tr\u01b0a)<\/strong><\/span><\/h2>\n<p><strong>S\u00e1ng:<\/strong> D\u00f9ng \u0111i\u1ec3m t\u00e2m t\u1ea1i kh\u00e1ch s\u1ea1n. T\u1ef1 do vui ch\u01a1i, tham quan \u0110\u00e0 N\u1eb5ng, t\u1eafm bi\u1ec3n t\u1ea1i b\u00e3i bi\u1ec3n M\u1ef9 Kh\u00ea.<\/p>\n<p><strong>12h00:<\/strong> Qu\u00fd kh\u00e1ch \u0103n tr\u01b0a t\u1ea1i nh\u00e0 h\u00e0ng. L\u00e0m th\u1ee7 t\u1ee5c check out, xe \u0111\u01b0a kh\u00e1ch v\u1ec1 s\u00e2n bay \u0110\u00e0 N\u1eb5ng. H\u01b0\u1edbng d\u1eabn vi\u00ean l\u00e0m th\u1ee7 t\u1ee5c cho \u0111o\u00e0n, t\u1ea1m bi\u1ec7t \u0111o\u00e0n v\u00e0 k\u1ebft th\u00fac chuy\u1ebfn \u0111i! Ch\u00fac Qu\u00fd kh\u00e1ch c\u00f3 1 chuy\u1ebfn \u0111i vui v\u1ebb!<\/p>\n<p>&nbsp;<\/p>\n<h3><strong>GI\u00c1 TOUR BAO G\u1ed2M <\/strong><\/h3>\n<ul>\n<li>Xe tham quan ph\u1ee5c v\u1ee5 su\u1ed1t h\u00e0nh tr\u00ecnh<\/li>\n<li>C\u00e1c b\u1eefa \u0103n theo ch\u01b0\u01a1ng tr\u00ecnh<\/li>\n<li>V\u00e9 tham quan c\u00e1c \u0111i\u1ec3m bao g\u1ed3m trong ch\u01b0\u01a1ng tr\u00ecnh<\/li>\n<li>H\u01b0\u1edbng d\u1eabn vi\u00ean nhi\u1ec7t t\u00ecnh, vui v\u1ebb, ph\u1ee5c v\u1ee5 chuy\u00ean nghi\u1ec7p.<\/li>\n<li>B\u1ea3o hi\u1ec3m du l\u1ecbch\u00a0: m\u1ee9c b\u1ed3i th\u01b0\u1eddng 100.000.000 \u0111\/ kh\u00e1ch.<\/li>\n<li>N\u01b0\u1edbc su\u1ed1i (1 chai\/ kh\u00e1ch\/ ng\u00e0y)\u00a0; kh\u0103n l\u1ea1nh (1 c\u00e1i\/ kh\u00e1ch\/ ng\u00e0y).<\/li>\n<li>H\u00f3a \u0111\u01a1n gi\u00e1 tr\u1ecb gia t\u0103ng VAT<\/li>\n<\/ul>\n<p>&nbsp;<\/p>\n<h3><strong>KH\u00d4NG BAO G\u1ed2M<\/strong><\/h3>\n<ul>\n<li>Chi ph\u00ed gi\u1eb7t \u1ee7i, c\u00e1c chi ph\u00ed c\u00e1 nh\u00e2n ph\u00e1t sinh kh\u00e1c.<\/li>\n<li>V\u00e9 m\u00e1y bay kh\u1ee9 h\u1ed3i t\u1eeb HCM\/H\u00e0 N\u1ed9i<\/li>\n<li>V\u00e9 c\u00e1p treo v\u00e0 vui ch\u01a1i t\u1ea1i B\u00e0 N\u00e0 Hills<\/li>\n<li>Ch\u01b0\u01a1ng tr\u00ecnh Gala Dinner\u00a0: S\u00e2n kh\u1ea5u, \u00e2m thanh, \u00e1nh s\u00e1ng, MC, qu\u00e0 t\u1eb7ng game<\/li>\n<li>Ch\u01b0\u01a1ng tr\u00ecnh teambuilding<\/li>\n<li>Su\u1ea5t \u0103n gala dinner.<\/li>\n<li>\u0102n u\u1ed1ng n\u1eb1m ngo\u00e0i ch\u01b0\u01a1ng tr\u00ecnh tour.<\/li>\n<li>Ti\u1ec1n tip cho t\u00e0i x\u1ebf v\u00e0 HDV.<\/li>\n<\/ul>\n<p>&nbsp;<\/p>\n<h3><strong>QUI \u0110\u1ecaNH TR\u1eba EM <\/strong><\/h3>\n<ul>\n<li>Tr\u1ebb em d\u01b0\u1edbi 5 tu\u1ed5i : mi\u1ec5n ph\u00ed (b\u00e9 ng\u1ee7 chung gi\u01b0\u1eddng v\u1edbi B\u1ed1 M\u1eb9).<\/li>\n<li>Tr\u1ebb em t\u1eeb 5 \u0111\u1ebfn d\u01b0\u1edbi 11 tu\u1ed5i: 50% gi\u00e1 c\u1ee7a ng\u01b0\u1eddi l\u1edbn (c\u00f3 gh\u1ebf ng\u1ed3i ri\u00eang; su\u1ea5t \u0103n ng\u1ee7 c\u00f9ng v\u1edbi B\u1ed1 m\u1eb9).<\/li>\n<li>Tr\u1ebb em t\u1eeb 11 tu\u1ed5i tr\u1edf l\u00ean : 100% gi\u00e1 nh\u01b0 ng\u01b0\u1eddi l\u1edbn<\/li>\n<\/ul>\n<h3><\/h3>\n<h3><em><strong>CH\u00daC QU\u00dd KH\u00c1CH M\u1ed8T CHUY\u1ebeN \u0110I VUI V\u1eba!<\/strong><\/em><\/h3>\n","protected":false},"excerpt":{"rendered":"<p>NG\u00c0Y 1 H\u1ed2 CHI MINH \u2013 \u0110\u00c0 N\u1eb4NG \u2013 NG\u0168 H\u00c0NH S\u01a0N \u2013 H\u1ed8I AN \u00a0 (\u0102n tr\u01b0a, t\u1ed1i) 08h20: Xe v\u00e0 HDV \u0111\u00f3n qu\u00fd kh\u00e1ch t\u1ea1i s\u00e2n bay \u0110\u00e0 N\u1eb5ng, \u0111\u01b0a qu\u00fd kh\u00e1ch \u0111i tham quan: B\u00e1n \u0110\u1ea3o S\u01a1n Tr\u00e0 &#8211; m\u1ee5c k\u00edch ph\u1ed1 bi\u1ec3n \u0110\u00e0 N\u1eb5ng tr\u00ean cao, vi\u1ebfng\u00a0Linh \u1ee8ng T\u1ef1\u00a0&#8211; n\u01a1i c\u00f3&#8230;<\/p>\n","protected":false},"featured_media":4467,"comment_status":"open","ping_status":"closed","template":"","meta":{"_acf_changed":false},"product_cat":[15,195,194,192,183],"product_tag":[],"class_list":{"0":"post-4465","1":"product","2":"type-product","3":"status-publish","4":"has-post-thumbnail","6":"product_cat-tat-ca-tour","7":"product_cat-gala-dinner","8":"product_cat-teambuilding","9":"product_cat-tour-tron-goi","10":"product_cat-viet-nam","12":"first","13":"instock","14":"sale","15":"shipping-taxable","16":"purchasable","17":"product-type-simple"},"acf":[],"_links":{"self":[{"href":"https:\/\/www.gotadi.com\/services\/wp-json\/wp\/v2\/product\/4465","targetHints":{"allow":["GET"]}}],"collection":[{"href":"https:\/\/www.gotadi.com\/services\/wp-json\/wp\/v2\/product"}],"about":[{"href":"https:\/\/www.gotadi.com\/services\/wp-json\/wp\/v2\/types\/product"}],"replies":[{"embeddable":true,"href":"https:\/\/www.gotadi.com\/services\/wp-json\/wp\/v2\/comments?post=4465"}],"wp:featuredmedia":[{"embeddable":true,"href":"https:\/\/www.gotadi.com\/services\/wp-json\/wp\/v2\/media\/4467"}],"wp:attachment":[{"href":"https:\/\/www.gotadi.com\/services\/wp-json\/wp\/v2\/media?parent=4465"}],"wp:term":[{"taxonomy":"product_cat","embeddable":true,"href":"https:\/\/www.gotadi.com\/services\/wp-json\/wp\/v2\/product_cat?post=4465"},{"taxonomy":"product_tag","embeddable":true,"href":"https:\/\/www.gotadi.com\/services\/wp-json\/wp\/v2\/product_tag?post=4465"}],"curies":[{"name":"wp","href":"https:\/\/api.w.org\/{rel}","templated":true}]}}